{"id":9172,"date":"2017-05-16T06:46:22","date_gmt":"2017-05-16T06:46:22","guid":{"rendered":"https:\/\/gifted-nightingale.82-223-11-116.plesk.page\/politica-de-cookies\/"},"modified":"2019-01-28T10:44:03","modified_gmt":"2019-01-28T09:44:03","slug":"cookies-policy","status":"publish","type":"page","link":"https:\/\/reyma-mobiliario.com\/en\/cookies-policy\/","title":{"rendered":"Cookies Policy"},"content":{"rendered":"<div class=\"wpb-content-wrapper\">[vc_row][vc_column][mk_fancy_title tag_name=&#8221;h1&#8243; size=&#8221;36&#8243; font_family=&#8221;none&#8221;]Cookies Policy[\/mk_fancy_title][\/vc_column][\/vc_row][vc_row][vc_column][vc_column_text css=&#8221;.vc_custom_1548668215171{margin-bottom: 0px !important;}&#8221;]A <em>cookie<\/em> is a small text file that is stored in your browser when you visit almost any web page. It enables the web to remember your visit when you return to browse that page. Cookies usually store information of a technical nature, personal preferences, personalization of content, usage statistics, links to social networks, access to user accounts, etc. The purpose of the cookie is to adapt the content of the web to your profile and needs, without cookies the services offered by any page would be significantly reduced. If you wish to consult more information about what cookies are, what they store, how to eliminate them, deactivate them, etc., please go to this <a href=\"http:\/\/www.allaboutcookies.org\/\">link<\/a>.<\/p>\n<p>COOKIES USED ON THIS WEBSITE<\/p>\n<p>According to Agencia Espa\u00f1ola de Protecci\u00f3n de Datos normative, we proceed to detail the use of cookies in this website in order to inform you as accurately as possible.<\/p>\n<p>We use the following own cookies:<\/p>\n<p>Session cookies, to ensure that users who write comments on the blog are human and not automated applications. In this way, spam is fought.<\/p>\n<p>This website uses the following third-party cookies:<\/p>\n<p>Google Analytics: Stores cookies to be able to compile statistics on traffic and volume of visits to this website. By using this website you are consenting to the processing of information about you by Google. Therefore, the exercise of any right in this sense must do so by communicating directly with Google.<\/p>\n<p>Social media networks: Each network uses its own cookies for the user to be able to click on I Like or Share Buttons.<\/p>\n<p>COOKIES DEACTIVATION OR DELETION<\/p>\n<p>You can exercise your right to deactivate or eliminate cookies from this website at any time. These actions are performed differently depending on the browser you are using. Here is a quick guide for the most popular browsers.<\/p>\n<p>ADDITIONAL INFO<\/p>\n<p>Neither this website nor its legal representatives are responsible for the content or the veracity of the privacy policies that may be held by the third parties mentioned in this cookie policy.<\/p>\n<p>Web browsers are the tools in charge of storing cookies and from this place you must exercise your right to eliminate or deactivate them. Neither this website nor its legal representatives can guarantee the correct or incorrect manipulation of cookies by the aforementioned browsers. In some cases it is necessary to install cookies so that the browser does not forget its decision of not accepting them.<\/p>\n<p>In the case of Google Analytics cookies, this company stores cookies on servers located in the United States and agrees not to share it with third parties, except in cases where it is necessary for the operation of the system or when the law requires such effect. According to Google does not save your IP address. Google Inc. is a company adhering to the Safe Harbor Agreement that guarantees that all transferred data will be treated with a level of protection in accordance with European regulations. You can consult detailed information in this regard on this link. If you want information about the use that Google gives to cookies we attach <a href=\"https:\/\/policies.google.com\/technologies\/cookies?hl=en\">this other link<\/a>.<\/p>\n<p>For any questions or queries about this cookie policy, please do not hesitate to contact us through the contact section.<\/p>\n<p>GOOGLE ANALYTICS SERVICE TERMS<\/p>\n<p>Esta p\u00e1gina web utiliza Google Analytics, un servicio anal\u00edtico de web prestado por Google, Inc., una compa\u00f1\u00eda de Delaware cuya oficina principal est\u00e1 en 1600 Amphitheatre Parkway, Mountain View (California), CA 94043, Estados Unidos (\u2018Google\u2019). Google Analytics utiliza \u2018cookies\u2019, que son archivos de texto ubicados en su ordenador, para ayudar al website a analizar el uso que hacen los usuarios del sitio web. La informaci\u00f3n que genera la cookie acerca de su uso del website (incluyendo su direcci\u00f3n IP) ser\u00e1 directamente transmitida y archivada por Google en los servidores de Estados Unidos. Google usar\u00e1 esta informaci\u00f3n por cuenta nuestra con el prop\u00f3sito de seguir la pista de su uso del website, recopilando informes de la actividad del website y prestando otros servicios relacionados con la actividad del website y el uso de Internet. Google podr\u00e1 transmitir dicha informaci\u00f3n a terceros cuando as\u00ed se lo requiera la legislaci\u00f3n, o cuando dichos terceros procesen la informaci\u00f3n por cuenta de Google. Google no asociar\u00e1 su direcci\u00f3n IP con ning\u00fan otro dato del que disponga Google. Puede Usted rechazar el tratamiento de los datos o la informaci\u00f3n rechazando el uso de cookies mediante la selecci\u00f3n de la configuraci\u00f3n apropiada de su navegador, sin embargo, debe Usted saber que si lo hace puede ser que no pueda usar la plena funcionalidad de este website. Al utilizar este website Usted consiente el tratamiento de informaci\u00f3n acerca de Usted por Google en la forma y para los fines arriba indicados.<br \/>\nhttp:\/\/www.google.es\/intl\/es\/analytics\/privacyoverview.html<\/p>\n<p>ADDTHIS SERVICE TERMS<\/p>\n<p>AddThis, Inc. offers a platform that facilitates the sharing of Internet addresses in the main social networks. Using the &#8220;Share on Facebook&#8221;, &#8220;Like&#8221; or &#8220;Twittear&#8221; buttons, the system stores a cookie that lets you know which are the most shared addresses and help us improve the contents of the website. No other personal data is stored.<\/p>\n<p>We allow third-party companies, including AddThis, to collect certain anonymous information when you visit our website. These companies may use non-personally identifiable information during your visits to this and other websites in order to provide advertisements about products and services that may be of most interest to you. These companies often use a visitor counter cookie from a third party to collect this information. To learn more about this practice behavior-based advertising, you can visit\u00a0http:\/\/www.addthis.com\/privacy\/privacy-policy<\/p>\n<p>These companies may use non-personally identifiable information during your visits to this and other websites in order to provide advertisements about products and services that may be of most interest to you. These companies often use a visitor counter cookie from a third party to collect this information. To learn more about this practice behavior-based advertising, you can visit\u00a0http:\/\/www.youronlinechoices.eu\/es[\/vc_column_text][\/vc_column][\/vc_row]\n<\/div>","protected":false},"excerpt":{"rendered":"<p>[vc_row][vc_column][mk_fancy_title tag_name=&#8221;h1&#8243; size=&#8221;36&#8243; font_family=&#8221;none&#8221;]Cookies Policy[\/mk_fancy_title][\/vc_column][\/vc_row][vc_row][vc_column][vc_column_text css=&#8221;.vc_custom_1548668215171{margin-bottom: 0px !important;}&#8221;]A cookie is a small text file that is stored in your browser when you visit almost any web page. It enables the web to remember your visit when you return to browse that page. Cookies usually store information of a technical nature, personal preferences, personalization of content, [&hellip;]<\/p>\n","protected":false},"author":1,"featured_media":0,"parent":0,"menu_order":0,"comment_status":"closed","ping_status":"closed","template":"","meta":{"footnotes":""},"class_list":["post-9172","page","type-page","status-publish","hentry"],"aioseo_notices":[],"_links":{"self":[{"href":"https:\/\/reyma-mobiliario.com\/en\/wp-json\/wp\/v2\/pages\/9172","targetHints":{"allow":["GET"]}}],"collection":[{"href":"https:\/\/reyma-mobiliario.com\/en\/wp-json\/wp\/v2\/pages"}],"about":[{"href":"https:\/\/reyma-mobiliario.com\/en\/wp-json\/wp\/v2\/types\/page"}],"author":[{"embeddable":true,"href":"https:\/\/reyma-mobiliario.com\/en\/wp-json\/wp\/v2\/users\/1"}],"replies":[{"embeddable":true,"href":"https:\/\/reyma-mobiliario.com\/en\/wp-json\/wp\/v2\/comments?post=9172"}],"version-history":[{"count":3,"href":"https:\/\/reyma-mobiliario.com\/en\/wp-json\/wp\/v2\/pages\/9172\/revisions"}],"predecessor-version":[{"id":9179,"href":"https:\/\/reyma-mobiliario.com\/en\/wp-json\/wp\/v2\/pages\/9172\/revisions\/9179"}],"wp:attachment":[{"href":"https:\/\/reyma-mobiliario.com\/en\/wp-json\/wp\/v2\/media?parent=9172"}],"curies":[{"name":"wp","href":"https:\/\/api.w.org\/{rel}","templated":true}]}}