{"id":10767,"date":"2016-05-12T10:00:44","date_gmt":"2019-11-20T09:28:44","guid":{"rendered":"https:\/\/gifted-nightingale.82-223-11-116.plesk.page\/?post_type=product&#038;p=10767"},"modified":"2023-11-13T09:03:44","modified_gmt":"2023-11-13T08:03:44","slug":"table-opera42","status":"publish","type":"product","link":"https:\/\/reyma-mobiliario.com\/en\/productos\/table-opera42\/","title":{"rendered":"Table \u00d3pera42 4150T \/ 4550T"},"content":{"rendered":"<p>Table made of cast iron and special for indoor use. Its round base 42cm in diameter is combined with a cast iron column that gives it a great style. Its great resistance makes this foot suitable for any type of board material.<\/p>\n","protected":false},"excerpt":{"rendered":"<p><strong>Hight:<\/strong> 75 cm<\/p>\n<p><strong>Materials<\/strong>:<br \/>\ncast iron frame with base 42 cm \u00d8<br \/>\nCast iron Column<br \/>\nTabletops: Werzalit, Compact or melamina<\/p>\n<p><strong>Tabletops measures:<\/strong><br \/>\n60\u00d8, 70\u00d8, 80\u00d8, 60&#215;60 or 70&#215;70<\/p>\n<div><\/div>\n","protected":false},"featured_media":17500,"template":"","meta":[],"product_brand":[],"product_cat":[467,468],"product_tag":[471,525,928,516,1803,472],"class_list":{"0":"post-10767","1":"product","2":"type-product","3":"status-publish","4":"has-post-thumbnail","6":"product_cat-indoor","7":"product_cat-indoor-tables","8":"product_tag-indoor-furnitures","9":"product_tag-iron-foundry","10":"product_tag-novedades-2019-en","11":"product_tag-round-base","12":"product_tag-serie-opera-en","13":"product_tag-tables","15":"first","16":"instock","17":"shipping-taxable","18":"product-type-simple"},"aioseo_notices":[],"_links":{"self":[{"href":"https:\/\/reyma-mobiliario.com\/en\/wp-json\/wp\/v2\/product\/10767","targetHints":{"allow":["GET"]}}],"collection":[{"href":"https:\/\/reyma-mobiliario.com\/en\/wp-json\/wp\/v2\/product"}],"about":[{"href":"https:\/\/reyma-mobiliario.com\/en\/wp-json\/wp\/v2\/types\/product"}],"wp:featuredmedia":[{"embeddable":true,"href":"https:\/\/reyma-mobiliario.com\/en\/wp-json\/wp\/v2\/media\/17500"}],"wp:attachment":[{"href":"https:\/\/reyma-mobiliario.com\/en\/wp-json\/wp\/v2\/media?parent=10767"}],"wp:term":[{"taxonomy":"product_brand","embeddable":true,"href":"https:\/\/reyma-mobiliario.com\/en\/wp-json\/wp\/v2\/product_brand?post=10767"},{"taxonomy":"product_cat","embeddable":true,"href":"https:\/\/reyma-mobiliario.com\/en\/wp-json\/wp\/v2\/product_cat?post=10767"},{"taxonomy":"product_tag","embeddable":true,"href":"https:\/\/reyma-mobiliario.com\/en\/wp-json\/wp\/v2\/product_tag?post=10767"}],"curies":[{"name":"wp","href":"https:\/\/api.w.org\/{rel}","templated":true}]}}