{"id":11123,"date":"2019-07-02T10:00:47","date_gmt":"2020-02-10T17:15:57","guid":{"rendered":"https:\/\/gifted-nightingale.82-223-11-116.plesk.page\/?post_type=product&#038;p=11123"},"modified":"2023-11-13T08:41:52","modified_gmt":"2023-11-13T07:41:52","slug":"table-alaska","status":"publish","type":"product","link":"https:\/\/reyma-mobiliario.com\/en\/productos\/table-alaska\/","title":{"rendered":"Table Alaska 8000"},"content":{"rendered":"<p>Painted steel table and simple lines structure. The frame adapts to many measures, being very resistant for large measures.<\/p>\n","protected":false},"excerpt":{"rendered":"<p><strong> Height: <\/strong> 75cm<\/p>\n<p><strong> Materials <\/strong>:<br \/>\nSteel frame.<br \/>\nCoating in black painted.<br \/>\nTable tops: Werzalit, Compact and Melamine.<\/p>\n<p><strong> Tabletop measurements: <\/strong><br \/>\n90\u00d8, 100\u00d8, 110\u00d8, 120\u00d8<br \/>\n70&#215;70, 80&#215;80, 90&#215;90, 110&#215;70 and 120&#215;80<\/p>\n","protected":false},"featured_media":25042,"template":"","meta":[],"product_brand":[],"product_cat":[467,468],"product_tag":[1007,1088,472],"class_list":{"0":"post-11123","1":"product","2":"type-product","3":"status-publish","4":"has-post-thumbnail","6":"product_cat-indoor","7":"product_cat-indoor-tables","8":"product_tag-novelty-2020","9":"product_tag-serie-alaska-en","10":"product_tag-tables","12":"first","13":"instock","14":"shipping-taxable","15":"product-type-simple"},"aioseo_notices":[],"_links":{"self":[{"href":"https:\/\/reyma-mobiliario.com\/en\/wp-json\/wp\/v2\/product\/11123","targetHints":{"allow":["GET"]}}],"collection":[{"href":"https:\/\/reyma-mobiliario.com\/en\/wp-json\/wp\/v2\/product"}],"about":[{"href":"https:\/\/reyma-mobiliario.com\/en\/wp-json\/wp\/v2\/types\/product"}],"wp:featuredmedia":[{"embeddable":true,"href":"https:\/\/reyma-mobiliario.com\/en\/wp-json\/wp\/v2\/media\/25042"}],"wp:attachment":[{"href":"https:\/\/reyma-mobiliario.com\/en\/wp-json\/wp\/v2\/media?parent=11123"}],"wp:term":[{"taxonomy":"product_brand","embeddable":true,"href":"https:\/\/reyma-mobiliario.com\/en\/wp-json\/wp\/v2\/product_brand?post=11123"},{"taxonomy":"product_cat","embeddable":true,"href":"https:\/\/reyma-mobiliario.com\/en\/wp-json\/wp\/v2\/product_cat?post=11123"},{"taxonomy":"product_tag","embeddable":true,"href":"https:\/\/reyma-mobiliario.com\/en\/wp-json\/wp\/v2\/product_tag?post=11123"}],"curies":[{"name":"wp","href":"https:\/\/api.w.org\/{rel}","templated":true}]}}