{"id":11208,"date":"2024-01-24T10:00:34","date_gmt":"2020-02-11T12:16:56","guid":{"rendered":"https:\/\/gifted-nightingale.82-223-11-116.plesk.page\/?post_type=product&#038;p=11208"},"modified":"2025-03-04T10:53:07","modified_gmt":"2025-03-04T09:53:07","slug":"table-columbia","status":"publish","type":"product","link":"https:\/\/reyma-mobiliario.com\/en\/productos\/table-columbia\/","title":{"rendered":"Table Columbia 9000"},"content":{"rendered":"<p>Table with high resistance black painted steel base. It supports different types of tops to adapt it to the needs of the client.<\/p>\n","protected":false},"excerpt":{"rendered":"<p><strong> Height: <\/strong> 75 cm<\/p>\n<p><strong> Materials <\/strong>:<br \/>\nSteel frame.<br \/>\nCoating in black painted.<br \/>\nTabletops finished: Werzalit, compact or melamine.<\/p>\n<p><strong> Tabletops measurements: <\/strong><br \/>\n60\u00d8, 70\u00d8, 80\u00d8, 90\u00d8<br \/>\n60&#215;60, 70&#215;70 and 80&#215;80<\/p>\n","protected":false},"featured_media":28489,"template":"","meta":[],"product_brand":[],"product_cat":[467,468],"product_tag":[1007,1093,472],"class_list":{"0":"post-11208","1":"product","2":"type-product","3":"status-publish","4":"has-post-thumbnail","6":"product_cat-indoor","7":"product_cat-indoor-tables","8":"product_tag-novelty-2020","9":"product_tag-serie-columbia-en","10":"product_tag-tables","12":"first","13":"instock","14":"shipping-taxable","15":"product-type-simple"},"aioseo_notices":[],"_links":{"self":[{"href":"https:\/\/reyma-mobiliario.com\/en\/wp-json\/wp\/v2\/product\/11208","targetHints":{"allow":["GET"]}}],"collection":[{"href":"https:\/\/reyma-mobiliario.com\/en\/wp-json\/wp\/v2\/product"}],"about":[{"href":"https:\/\/reyma-mobiliario.com\/en\/wp-json\/wp\/v2\/types\/product"}],"wp:featuredmedia":[{"embeddable":true,"href":"https:\/\/reyma-mobiliario.com\/en\/wp-json\/wp\/v2\/media\/28489"}],"wp:attachment":[{"href":"https:\/\/reyma-mobiliario.com\/en\/wp-json\/wp\/v2\/media?parent=11208"}],"wp:term":[{"taxonomy":"product_brand","embeddable":true,"href":"https:\/\/reyma-mobiliario.com\/en\/wp-json\/wp\/v2\/product_brand?post=11208"},{"taxonomy":"product_cat","embeddable":true,"href":"https:\/\/reyma-mobiliario.com\/en\/wp-json\/wp\/v2\/product_cat?post=11208"},{"taxonomy":"product_tag","embeddable":true,"href":"https:\/\/reyma-mobiliario.com\/en\/wp-json\/wp\/v2\/product_tag?post=11208"}],"curies":[{"name":"wp","href":"https:\/\/api.w.org\/{rel}","templated":true}]}}