{"id":17911,"date":"2023-02-19T10:00:41","date_gmt":"2021-01-19T17:58:41","guid":{"rendered":"https:\/\/gifted-nightingale.82-223-11-116.plesk.page\/?post_type=product&#038;p=17911"},"modified":"2023-03-23T12:24:57","modified_gmt":"2023-03-23T11:24:57","slug":"melamina-bronce","status":"publish","type":"product","link":"https:\/\/reyma-mobiliario.com\/en\/productos\/melamina-bronce\/","title":{"rendered":"EGGER Melamine: Bronze"},"content":{"rendered":"<p>&nbsp;<\/p>\n<div><\/div>\n","protected":false},"excerpt":{"rendered":"<p><strong> Manufacturer: <\/strong> EGGER<\/p>\n<p>Thickened Melamine 38mm.<\/p>\n<p><strong> Available sizes: <\/strong><br \/>\n\u00d860, \u00d870, \u00d880, \u00d890<br \/>\n60 \u00d7 60, 70 \u00d7 70, 80 \u00d7 80, 90 \u00d7 90<br \/>\n110 \u00d7 70, 120 \u00d7 80<\/p>\n<p>Other measures, consult.<\/p>\n<div><\/div>\n","protected":false},"featured_media":27684,"template":"","meta":[],"product_brand":[],"product_cat":[483,481],"product_tag":[1949,1944],"class_list":{"0":"post-17911","1":"product","2":"type-product","3":"status-publish","4":"has-post-thumbnail","6":"product_cat-melamine","7":"product_cat-tabletops","8":"product_tag-egger-tabletop","9":"product_tag-melamine-studio-tabletop","11":"first","12":"instock","13":"shipping-taxable","14":"product-type-simple"},"aioseo_notices":[],"_links":{"self":[{"href":"https:\/\/reyma-mobiliario.com\/en\/wp-json\/wp\/v2\/product\/17911","targetHints":{"allow":["GET"]}}],"collection":[{"href":"https:\/\/reyma-mobiliario.com\/en\/wp-json\/wp\/v2\/product"}],"about":[{"href":"https:\/\/reyma-mobiliario.com\/en\/wp-json\/wp\/v2\/types\/product"}],"wp:featuredmedia":[{"embeddable":true,"href":"https:\/\/reyma-mobiliario.com\/en\/wp-json\/wp\/v2\/media\/27684"}],"wp:attachment":[{"href":"https:\/\/reyma-mobiliario.com\/en\/wp-json\/wp\/v2\/media?parent=17911"}],"wp:term":[{"taxonomy":"product_brand","embeddable":true,"href":"https:\/\/reyma-mobiliario.com\/en\/wp-json\/wp\/v2\/product_brand?post=17911"},{"taxonomy":"product_cat","embeddable":true,"href":"https:\/\/reyma-mobiliario.com\/en\/wp-json\/wp\/v2\/product_cat?post=17911"},{"taxonomy":"product_tag","embeddable":true,"href":"https:\/\/reyma-mobiliario.com\/en\/wp-json\/wp\/v2\/product_tag?post=17911"}],"curies":[{"name":"wp","href":"https:\/\/api.w.org\/{rel}","templated":true}]}}