{"id":18493,"date":"2021-02-10T10:00:18","date_gmt":"2021-03-08T08:15:25","guid":{"rendered":"https:\/\/gifted-nightingale.82-223-11-116.plesk.page\/?post_type=product&#038;p=18493"},"modified":"2024-03-07T18:16:37","modified_gmt":"2024-03-07T17:16:37","slug":"table-hanover-white","status":"publish","type":"product","link":"https:\/\/reyma-mobiliario.com\/en\/productos\/table-hanover-white\/","title":{"rendered":"Table Hanover White 9322"},"content":{"rendered":"<p>table with a steel base available in two colors and two heights.<\/p>\n","protected":false},"excerpt":{"rendered":"<p><strong> Height: <\/strong> 75 cm<\/p>\n<p><strong> Materials <\/strong>:<br \/>\nWhite painted steel frame.<br \/>\nTop: Werzalit, compact or melamine*.<br \/>\nAlso in green or black stone, check availability.<\/p>\n<p>*Melamine only for indoor.<\/p>\n<p><strong>Table tops measurements: <\/strong><br \/>\n70&#215;70, 80&#215;80 and 90&#215;90<br \/>\n80\u00d8, 90\u00d8 and 100\u00d8<\/p>\n","protected":false},"featured_media":21759,"template":"","meta":[],"product_brand":[],"product_cat":[467,468],"product_tag":[1770,1655,472],"class_list":{"0":"post-18493","1":"product","2":"type-product","3":"status-publish","4":"has-post-thumbnail","6":"product_cat-indoor","7":"product_cat-indoor-tables","8":"product_tag-novelty-2021","9":"product_tag-serie-hanover-en","10":"product_tag-tables","12":"first","13":"instock","14":"shipping-taxable","15":"product-type-simple"},"aioseo_notices":[],"_links":{"self":[{"href":"https:\/\/reyma-mobiliario.com\/en\/wp-json\/wp\/v2\/product\/18493","targetHints":{"allow":["GET"]}}],"collection":[{"href":"https:\/\/reyma-mobiliario.com\/en\/wp-json\/wp\/v2\/product"}],"about":[{"href":"https:\/\/reyma-mobiliario.com\/en\/wp-json\/wp\/v2\/types\/product"}],"wp:featuredmedia":[{"embeddable":true,"href":"https:\/\/reyma-mobiliario.com\/en\/wp-json\/wp\/v2\/media\/21759"}],"wp:attachment":[{"href":"https:\/\/reyma-mobiliario.com\/en\/wp-json\/wp\/v2\/media?parent=18493"}],"wp:term":[{"taxonomy":"product_brand","embeddable":true,"href":"https:\/\/reyma-mobiliario.com\/en\/wp-json\/wp\/v2\/product_brand?post=18493"},{"taxonomy":"product_cat","embeddable":true,"href":"https:\/\/reyma-mobiliario.com\/en\/wp-json\/wp\/v2\/product_cat?post=18493"},{"taxonomy":"product_tag","embeddable":true,"href":"https:\/\/reyma-mobiliario.com\/en\/wp-json\/wp\/v2\/product_tag?post=18493"}],"curies":[{"name":"wp","href":"https:\/\/api.w.org\/{rel}","templated":true}]}}