{"id":22851,"date":"2013-06-01T10:00:37","date_gmt":"2022-06-01T09:47:38","guid":{"rendered":"https:\/\/reyma-mobiliario.com\/?post_type=product&#038;p=22851"},"modified":"2023-11-13T09:06:18","modified_gmt":"2023-11-13T08:06:18","slug":"table-marbella-3p","status":"publish","type":"product","link":"https:\/\/reyma-mobiliario.com\/en\/productos\/table-marbella-3p\/","title":{"rendered":"Table Marbella 3p"},"content":{"rendered":"<p>Modern vintage style 3-point table with an industrial design made of cast iron.<\/p>\n","protected":false},"excerpt":{"rendered":"<p><strong>Height:<\/strong> 75 cm<\/p>\n<p><strong>Materials<\/strong>:<br \/>\nIron foundry leg.<br \/>\nFinished Tabletops: Werzalit, compact or melamine.<\/p>\n<p><strong>Tabletops measures:<\/strong><br \/>\n60\u00d8, 70\u00d8, 80\u00d8.<\/p>\n","protected":false},"featured_media":22861,"template":"","meta":[],"product_brand":[],"product_cat":[467,468],"product_tag":[471,525,607,472],"class_list":{"0":"post-22851","1":"product","2":"type-product","3":"status-publish","4":"has-post-thumbnail","6":"product_cat-indoor","7":"product_cat-indoor-tables","8":"product_tag-indoor-furnitures","9":"product_tag-iron-foundry","10":"product_tag-serie-marbella-en","11":"product_tag-tables","13":"first","14":"instock","15":"shipping-taxable","16":"product-type-simple"},"aioseo_notices":[],"_links":{"self":[{"href":"https:\/\/reyma-mobiliario.com\/en\/wp-json\/wp\/v2\/product\/22851","targetHints":{"allow":["GET"]}}],"collection":[{"href":"https:\/\/reyma-mobiliario.com\/en\/wp-json\/wp\/v2\/product"}],"about":[{"href":"https:\/\/reyma-mobiliario.com\/en\/wp-json\/wp\/v2\/types\/product"}],"wp:featuredmedia":[{"embeddable":true,"href":"https:\/\/reyma-mobiliario.com\/en\/wp-json\/wp\/v2\/media\/22861"}],"wp:attachment":[{"href":"https:\/\/reyma-mobiliario.com\/en\/wp-json\/wp\/v2\/media?parent=22851"}],"wp:term":[{"taxonomy":"product_brand","embeddable":true,"href":"https:\/\/reyma-mobiliario.com\/en\/wp-json\/wp\/v2\/product_brand?post=22851"},{"taxonomy":"product_cat","embeddable":true,"href":"https:\/\/reyma-mobiliario.com\/en\/wp-json\/wp\/v2\/product_cat?post=22851"},{"taxonomy":"product_tag","embeddable":true,"href":"https:\/\/reyma-mobiliario.com\/en\/wp-json\/wp\/v2\/product_tag?post=22851"}],"curies":[{"name":"wp","href":"https:\/\/api.w.org\/{rel}","templated":true}]}}