{"id":24876,"date":"2023-02-14T10:00:22","date_gmt":"2023-02-14T09:00:22","guid":{"rendered":"https:\/\/reyma-mobiliario.com\/?post_type=product&#038;p=24876"},"modified":"2026-03-19T08:26:34","modified_gmt":"2026-03-19T07:26:34","slug":"melamina-finsa-elm","status":"publish","type":"product","link":"https:\/\/reyma-mobiliario.com\/en\/productos\/melamina-finsa-elm\/","title":{"rendered":"Melamina FINSA: Elm"},"content":{"rendered":"<p>&nbsp;<\/p>\n<div><\/div>\n<div><\/div>\n<div><\/div>\n","protected":false},"excerpt":{"rendered":"<p><strong>Producer:<\/strong> Finsa<\/p>\n<p>Melamine Thickening 38mm.<\/p>\n<p><strong> Available sizes: <\/strong><br \/>\n\u00d860, \u00d870, \u00d880, \u00d890<br \/>\n60 \u00d7 60, 70 \u00d7 70, 80 \u00d7 80, 90 \u00d7 90<br \/>\n110 \u00d7 70, 120 \u00d7 80<\/p>\n<p>Other measures, consult.<\/p>\n<div><\/div>\n","protected":false},"featured_media":27699,"template":"","meta":[],"product_brand":[],"product_cat":[483,481],"product_tag":[679,681],"class_list":{"0":"post-24876","1":"product","2":"type-product","3":"status-publish","4":"has-post-thumbnail","6":"product_cat-melamine","7":"product_cat-tabletops","8":"product_tag-finsa-tabletop","9":"product_tag-melamine-tabletop","11":"first","12":"instock","13":"shipping-taxable","14":"product-type-simple"},"aioseo_notices":[],"_links":{"self":[{"href":"https:\/\/reyma-mobiliario.com\/en\/wp-json\/wp\/v2\/product\/24876","targetHints":{"allow":["GET"]}}],"collection":[{"href":"https:\/\/reyma-mobiliario.com\/en\/wp-json\/wp\/v2\/product"}],"about":[{"href":"https:\/\/reyma-mobiliario.com\/en\/wp-json\/wp\/v2\/types\/product"}],"wp:featuredmedia":[{"embeddable":true,"href":"https:\/\/reyma-mobiliario.com\/en\/wp-json\/wp\/v2\/media\/27699"}],"wp:attachment":[{"href":"https:\/\/reyma-mobiliario.com\/en\/wp-json\/wp\/v2\/media?parent=24876"}],"wp:term":[{"taxonomy":"product_brand","embeddable":true,"href":"https:\/\/reyma-mobiliario.com\/en\/wp-json\/wp\/v2\/product_brand?post=24876"},{"taxonomy":"product_cat","embeddable":true,"href":"https:\/\/reyma-mobiliario.com\/en\/wp-json\/wp\/v2\/product_cat?post=24876"},{"taxonomy":"product_tag","embeddable":true,"href":"https:\/\/reyma-mobiliario.com\/en\/wp-json\/wp\/v2\/product_tag?post=24876"}],"curies":[{"name":"wp","href":"https:\/\/api.w.org\/{rel}","templated":true}]}}