{"id":24921,"date":"2024-01-22T10:00:39","date_gmt":"2023-01-30T11:18:39","guid":{"rendered":"https:\/\/reyma-mobiliario.com\/?post_type=product&#038;p=24921"},"modified":"2025-03-04T11:24:57","modified_gmt":"2025-03-04T10:24:57","slug":"table-mauricio","status":"publish","type":"product","link":"https:\/\/reyma-mobiliario.com\/en\/productos\/table-mauricio\/","title":{"rendered":"Table Mauricio IN"},"content":{"rendered":"<p>Aluminum table made for outdoor or indoor use. With a design of simple lines suitable for various types of tops.<\/p>\n","protected":false},"excerpt":{"rendered":"<p><strong>Height:<\/strong> 75 cm<\/p>\n<p><strong>Materials<\/strong>:<br \/>\nAluminum frame.<br \/>\nCoating in black, deco bamboo white and natural oak painted.<br \/>\n55x55cm 4-point base<\/p>\n<p>Tops: Werzalit, Compact and Melamine*<\/p>\n<p>*Melamine only for indoor use.<\/p>\n<p><strong>Tabletop measurements:<\/strong><br \/>\n70\u00d8, 80\u00d8, 120\u00d8<br \/>\n60&#215;60, 70&#215;70, 80&#215;80 and 90&#215;90<\/p>\n","protected":false},"featured_media":28169,"template":"","meta":[],"product_brand":[],"product_cat":[467,468],"product_tag":[509,471,1901,472],"class_list":{"0":"post-24921","1":"product","2":"type-product","3":"status-publish","4":"has-post-thumbnail","6":"product_cat-indoor","7":"product_cat-indoor-tables","8":"product_tag-aluminum","9":"product_tag-indoor-furnitures","10":"product_tag-serie-mauricio-en","11":"product_tag-tables","13":"first","14":"instock","15":"shipping-taxable","16":"purchasable","17":"product-type-variable"},"aioseo_notices":[],"_links":{"self":[{"href":"https:\/\/reyma-mobiliario.com\/en\/wp-json\/wp\/v2\/product\/24921","targetHints":{"allow":["GET"]}}],"collection":[{"href":"https:\/\/reyma-mobiliario.com\/en\/wp-json\/wp\/v2\/product"}],"about":[{"href":"https:\/\/reyma-mobiliario.com\/en\/wp-json\/wp\/v2\/types\/product"}],"wp:featuredmedia":[{"embeddable":true,"href":"https:\/\/reyma-mobiliario.com\/en\/wp-json\/wp\/v2\/media\/28169"}],"wp:attachment":[{"href":"https:\/\/reyma-mobiliario.com\/en\/wp-json\/wp\/v2\/media?parent=24921"}],"wp:term":[{"taxonomy":"product_brand","embeddable":true,"href":"https:\/\/reyma-mobiliario.com\/en\/wp-json\/wp\/v2\/product_brand?post=24921"},{"taxonomy":"product_cat","embeddable":true,"href":"https:\/\/reyma-mobiliario.com\/en\/wp-json\/wp\/v2\/product_cat?post=24921"},{"taxonomy":"product_tag","embeddable":true,"href":"https:\/\/reyma-mobiliario.com\/en\/wp-json\/wp\/v2\/product_tag?post=24921"}],"curies":[{"name":"wp","href":"https:\/\/api.w.org\/{rel}","templated":true}]}}