{"id":25180,"date":"2024-01-13T10:00:49","date_gmt":"2023-02-13T16:06:50","guid":{"rendered":"https:\/\/reyma-mobiliario.com\/?post_type=product&#038;p=25180"},"modified":"2025-03-04T17:06:46","modified_gmt":"2025-03-04T16:06:46","slug":"table-mauricio-out","status":"publish","type":"product","link":"https:\/\/reyma-mobiliario.com\/en\/productos\/table-mauricio-out\/","title":{"rendered":"Table Mauricio OUT"},"content":{"rendered":"<p>Aluminum table made for outdoor use. With a design of simple lines suitable for various types of tops.<\/p>\n","protected":false},"excerpt":{"rendered":"<p><strong>Height:<\/strong> 75 cm<\/p>\n<p><strong>Materials<\/strong>:<br \/>\nAluminum frame.<br \/>\nCoating in black, deco bamboo white and natural oak painted.<br \/>\n55x55cm 4-point base<\/p>\n<p>Tabletops: werzalit or Compact<\/p>\n<p><strong>Tabletop measurements:<\/strong><br \/>\n70\u00d8, 80\u00d8, 120\u00d8<br \/>\n60&#215;60, 70&#215;70, 80&#215;80 and 90&#215;90<\/p>\n","protected":false},"featured_media":28348,"template":"","meta":[],"product_brand":[],"product_cat":[487,491],"product_tag":[509,1796,530,1901,472],"class_list":{"0":"post-25180","1":"product","2":"type-product","3":"status-publish","4":"has-post-thumbnail","6":"product_cat-outdoor","7":"product_cat-outdoor-tables","8":"product_tag-aluminum","9":"product_tag-novelty-2022","10":"product_tag-outdoor-furnitures","11":"product_tag-serie-mauricio-en","12":"product_tag-tables","14":"first","15":"instock","16":"shipping-taxable","17":"purchasable","18":"product-type-variable"},"aioseo_notices":[],"_links":{"self":[{"href":"https:\/\/reyma-mobiliario.com\/en\/wp-json\/wp\/v2\/product\/25180","targetHints":{"allow":["GET"]}}],"collection":[{"href":"https:\/\/reyma-mobiliario.com\/en\/wp-json\/wp\/v2\/product"}],"about":[{"href":"https:\/\/reyma-mobiliario.com\/en\/wp-json\/wp\/v2\/types\/product"}],"wp:featuredmedia":[{"embeddable":true,"href":"https:\/\/reyma-mobiliario.com\/en\/wp-json\/wp\/v2\/media\/28348"}],"wp:attachment":[{"href":"https:\/\/reyma-mobiliario.com\/en\/wp-json\/wp\/v2\/media?parent=25180"}],"wp:term":[{"taxonomy":"product_brand","embeddable":true,"href":"https:\/\/reyma-mobiliario.com\/en\/wp-json\/wp\/v2\/product_brand?post=25180"},{"taxonomy":"product_cat","embeddable":true,"href":"https:\/\/reyma-mobiliario.com\/en\/wp-json\/wp\/v2\/product_cat?post=25180"},{"taxonomy":"product_tag","embeddable":true,"href":"https:\/\/reyma-mobiliario.com\/en\/wp-json\/wp\/v2\/product_tag?post=25180"}],"curies":[{"name":"wp","href":"https:\/\/api.w.org\/{rel}","templated":true}]}}