{"id":25952,"date":"2023-02-20T10:00:12","date_gmt":"2023-03-23T09:24:12","guid":{"rendered":"https:\/\/reyma-mobiliario.com\/?post_type=product&#038;p=25952"},"modified":"2025-03-28T08:16:29","modified_gmt":"2025-03-28T07:16:29","slug":"egger-melamine-stone","status":"publish","type":"product","link":"https:\/\/reyma-mobiliario.com\/en\/productos\/egger-melamine-stone\/","title":{"rendered":"EGGER Melamine: Stone"},"content":{"rendered":"<p>&nbsp;<\/p>\n<div><\/div>\n","protected":false},"excerpt":{"rendered":"<p><strong> Manufacturer: <\/strong> EGGER<\/p>\n<p>Thickened Melamine 38mm.<\/p>\n<p><strong> Available sizes: <\/strong><br \/>\n\u00d860, \u00d870, \u00d880, \u00d890<br \/>\n60 \u00d7 60, 70 \u00d7 70, 80 \u00d7 80, 90 \u00d7 90<br \/>\n110 \u00d7 70, 120 \u00d7 80<\/p>\n<p>Other measures, consult.<\/p>\n","protected":false},"featured_media":27702,"template":"","meta":[],"product_brand":[],"product_cat":[483,481],"product_tag":[1949,1944],"class_list":{"0":"post-25952","1":"product","2":"type-product","3":"status-publish","4":"has-post-thumbnail","6":"product_cat-melamine","7":"product_cat-tabletops","8":"product_tag-egger-tabletop","9":"product_tag-melamine-studio-tabletop","11":"first","12":"instock","13":"shipping-taxable","14":"product-type-simple"},"aioseo_notices":[],"_links":{"self":[{"href":"https:\/\/reyma-mobiliario.com\/en\/wp-json\/wp\/v2\/product\/25952","targetHints":{"allow":["GET"]}}],"collection":[{"href":"https:\/\/reyma-mobiliario.com\/en\/wp-json\/wp\/v2\/product"}],"about":[{"href":"https:\/\/reyma-mobiliario.com\/en\/wp-json\/wp\/v2\/types\/product"}],"wp:featuredmedia":[{"embeddable":true,"href":"https:\/\/reyma-mobiliario.com\/en\/wp-json\/wp\/v2\/media\/27702"}],"wp:attachment":[{"href":"https:\/\/reyma-mobiliario.com\/en\/wp-json\/wp\/v2\/media?parent=25952"}],"wp:term":[{"taxonomy":"product_brand","embeddable":true,"href":"https:\/\/reyma-mobiliario.com\/en\/wp-json\/wp\/v2\/product_brand?post=25952"},{"taxonomy":"product_cat","embeddable":true,"href":"https:\/\/reyma-mobiliario.com\/en\/wp-json\/wp\/v2\/product_cat?post=25952"},{"taxonomy":"product_tag","embeddable":true,"href":"https:\/\/reyma-mobiliario.com\/en\/wp-json\/wp\/v2\/product_tag?post=25952"}],"curies":[{"name":"wp","href":"https:\/\/api.w.org\/{rel}","templated":true}]}}