{"id":26289,"date":"2023-05-05T08:36:40","date_gmt":"2023-05-05T06:36:40","guid":{"rendered":"https:\/\/reyma-mobiliario.com\/?post_type=product&#038;p=26289"},"modified":"2025-04-02T09:40:30","modified_gmt":"2025-04-02T07:40:30","slug":"upholstery-green","status":"publish","type":"product","link":"https:\/\/reyma-mobiliario.com\/en\/productos\/upholstery-green\/","title":{"rendered":"Upholstery P.U. Green"},"content":{"rendered":"<p>Upholstery sample P.U. green<\/p>\n","protected":false},"excerpt":{"rendered":"<p>Sample of green upholstery.<br \/>\nSuitable for indoor use only.<\/p>\n<p>Available in seat types: Am\u00e9rica, \u00c1tico, Charlotte \u00d835 and M\u00f3naco Plus 36&#215;31<\/p>\n","protected":false},"featured_media":26264,"template":"","meta":[],"product_brand":[],"product_cat":[1958,1959],"product_tag":[2402,2406,2403,2405],"class_list":{"0":"post-26289","1":"product","2":"type-product","3":"status-publish","4":"has-post-thumbnail","6":"product_cat-finished","7":"product_cat-upholstered","8":"product_tag-america-seat-type","9":"product_tag-atico-seat-type","10":"product_tag-charlotte","11":"product_tag-monaco-plus-seat-type","13":"first","14":"instock","15":"shipping-taxable","16":"product-type-simple"},"aioseo_notices":[],"_links":{"self":[{"href":"https:\/\/reyma-mobiliario.com\/en\/wp-json\/wp\/v2\/product\/26289","targetHints":{"allow":["GET"]}}],"collection":[{"href":"https:\/\/reyma-mobiliario.com\/en\/wp-json\/wp\/v2\/product"}],"about":[{"href":"https:\/\/reyma-mobiliario.com\/en\/wp-json\/wp\/v2\/types\/product"}],"wp:featuredmedia":[{"embeddable":true,"href":"https:\/\/reyma-mobiliario.com\/en\/wp-json\/wp\/v2\/media\/26264"}],"wp:attachment":[{"href":"https:\/\/reyma-mobiliario.com\/en\/wp-json\/wp\/v2\/media?parent=26289"}],"wp:term":[{"taxonomy":"product_brand","embeddable":true,"href":"https:\/\/reyma-mobiliario.com\/en\/wp-json\/wp\/v2\/product_brand?post=26289"},{"taxonomy":"product_cat","embeddable":true,"href":"https:\/\/reyma-mobiliario.com\/en\/wp-json\/wp\/v2\/product_cat?post=26289"},{"taxonomy":"product_tag","embeddable":true,"href":"https:\/\/reyma-mobiliario.com\/en\/wp-json\/wp\/v2\/product_tag?post=26289"}],"curies":[{"name":"wp","href":"https:\/\/api.w.org\/{rel}","templated":true}]}}