{"id":26316,"date":"2023-05-05T10:04:18","date_gmt":"2023-05-05T08:04:18","guid":{"rendered":"https:\/\/reyma-mobiliario.com\/?post_type=product&#038;p=26316"},"modified":"2025-04-02T08:51:32","modified_gmt":"2025-04-02T06:51:32","slug":"upholstery-blue","status":"publish","type":"product","link":"https:\/\/reyma-mobiliario.com\/en\/productos\/upholstery-blue\/","title":{"rendered":"Upholstery P.U. Blue"},"content":{"rendered":"<p>Upholstery sample P.U. Blue<\/p>\n","protected":false},"excerpt":{"rendered":"<p>Sample of blue P.U. upholstery.<br \/>\nSuitable for indoor use only.<\/p>\n<p>Available in seat types: Am\u00e9rica, \u00c1tico, Charlotte \u00d835 and M\u00f3naco Plus 36&#215;31<\/p>\n","protected":false},"featured_media":26228,"template":"","meta":[],"product_brand":[],"product_cat":[1958,1959],"product_tag":[2402,2406,2403,2405],"class_list":{"0":"post-26316","1":"product","2":"type-product","3":"status-publish","4":"has-post-thumbnail","6":"product_cat-finished","7":"product_cat-upholstered","8":"product_tag-america-seat-type","9":"product_tag-atico-seat-type","10":"product_tag-charlotte","11":"product_tag-monaco-plus-seat-type","13":"first","14":"instock","15":"shipping-taxable","16":"product-type-simple"},"aioseo_notices":[],"_links":{"self":[{"href":"https:\/\/reyma-mobiliario.com\/en\/wp-json\/wp\/v2\/product\/26316","targetHints":{"allow":["GET"]}}],"collection":[{"href":"https:\/\/reyma-mobiliario.com\/en\/wp-json\/wp\/v2\/product"}],"about":[{"href":"https:\/\/reyma-mobiliario.com\/en\/wp-json\/wp\/v2\/types\/product"}],"wp:featuredmedia":[{"embeddable":true,"href":"https:\/\/reyma-mobiliario.com\/en\/wp-json\/wp\/v2\/media\/26228"}],"wp:attachment":[{"href":"https:\/\/reyma-mobiliario.com\/en\/wp-json\/wp\/v2\/media?parent=26316"}],"wp:term":[{"taxonomy":"product_brand","embeddable":true,"href":"https:\/\/reyma-mobiliario.com\/en\/wp-json\/wp\/v2\/product_brand?post=26316"},{"taxonomy":"product_cat","embeddable":true,"href":"https:\/\/reyma-mobiliario.com\/en\/wp-json\/wp\/v2\/product_cat?post=26316"},{"taxonomy":"product_tag","embeddable":true,"href":"https:\/\/reyma-mobiliario.com\/en\/wp-json\/wp\/v2\/product_tag?post=26316"}],"curies":[{"name":"wp","href":"https:\/\/api.w.org\/{rel}","templated":true}]}}