{"id":33831,"date":"2024-11-23T10:00:09","date_gmt":"2024-11-23T09:00:09","guid":{"rendered":"https:\/\/reyma-mobiliario.com\/?post_type=product&#038;p=33831"},"modified":"2026-03-23T12:37:09","modified_gmt":"2026-03-23T11:37:09","slug":"table-miami","status":"publish","type":"product","link":"https:\/\/reyma-mobiliario.com\/en\/productos\/table-miami\/","title":{"rendered":"Table Miami"},"content":{"rendered":"<p>Steel table with 4 support points available in various X-base sizes.<\/p>\n","protected":false},"excerpt":{"rendered":"<p><strong>Height:<\/strong> 75 or 110 cm<\/p>\n<p><strong>Materials:<\/strong><br \/>\nSteel base with 4 support points.<\/p>\n<p>Tabletops: Werzalit, <a href=\"https:\/\/reyma-mobiliario.com\/categoria-producto\/tableros\/compact\/\" target=\"_blank\" rel=\"noopener\">Compact.<\/a> or <a href=\"https:\/\/reyma-mobiliario.com\/categoria-producto\/tableros\/melamina\/\" target=\"_blank\" rel=\"noopener\">Melamine<\/a><\/p>\n<p><strong>Tabletop dimensions:<\/strong><br \/>\nFor height 75: \u00d860, \u00d870, \u00d880, 60&#215;60, 70&#215;70, or 80&#215;80, 90&#215;90<br \/>\nFor height 110: \u00d870 or 60&#215;60 or 70&#215;70<\/p>\n","protected":false},"featured_media":33877,"template":"","meta":[],"product_brand":[],"product_cat":[467,468],"product_tag":[2078,2364,472],"class_list":{"0":"post-33831","1":"product","2":"type-product","3":"status-publish","4":"has-post-thumbnail","6":"product_cat-indoor","7":"product_cat-indoor-tables","8":"product_tag-novelty-2025","9":"product_tag-serie-miami-en","10":"product_tag-tables","12":"first","13":"instock","14":"shipping-taxable","15":"purchasable","16":"product-type-variable"},"aioseo_notices":[],"_links":{"self":[{"href":"https:\/\/reyma-mobiliario.com\/en\/wp-json\/wp\/v2\/product\/33831","targetHints":{"allow":["GET"]}}],"collection":[{"href":"https:\/\/reyma-mobiliario.com\/en\/wp-json\/wp\/v2\/product"}],"about":[{"href":"https:\/\/reyma-mobiliario.com\/en\/wp-json\/wp\/v2\/types\/product"}],"wp:featuredmedia":[{"embeddable":true,"href":"https:\/\/reyma-mobiliario.com\/en\/wp-json\/wp\/v2\/media\/33877"}],"wp:attachment":[{"href":"https:\/\/reyma-mobiliario.com\/en\/wp-json\/wp\/v2\/media?parent=33831"}],"wp:term":[{"taxonomy":"product_brand","embeddable":true,"href":"https:\/\/reyma-mobiliario.com\/en\/wp-json\/wp\/v2\/product_brand?post=33831"},{"taxonomy":"product_cat","embeddable":true,"href":"https:\/\/reyma-mobiliario.com\/en\/wp-json\/wp\/v2\/product_cat?post=33831"},{"taxonomy":"product_tag","embeddable":true,"href":"https:\/\/reyma-mobiliario.com\/en\/wp-json\/wp\/v2\/product_tag?post=33831"}],"curies":[{"name":"wp","href":"https:\/\/api.w.org\/{rel}","templated":true}]}}