{"id":34159,"date":"2025-03-05T10:48:34","date_gmt":"2025-03-31T08:48:34","guid":{"rendered":"https:\/\/reyma-mobiliario.com\/?post_type=product&#038;p=34159"},"modified":"2025-04-02T08:30:15","modified_gmt":"2025-04-02T06:30:15","slug":"upholstery-fabric-vesuvius","status":"publish","type":"product","link":"https:\/\/reyma-mobiliario.com\/en\/productos\/upholstery-fabric-vesuvius\/","title":{"rendered":"Upholstery FABRIC Vesuvius"},"content":{"rendered":"<p>Upholstery sample FABRIC Vesuvius<\/p>\n","protected":false},"excerpt":{"rendered":"<p>Sample of Vesuvius upholstery.<br \/>\nSuitable for indoor use only.<\/p>\n<p>Available in seat types: Am\u00e9rica, \u00c1tico, Charlotte \u00d835, Chicago \u00d843 and M\u00f3naco Plus 36&#215;31<\/p>\n","protected":false},"featured_media":34166,"template":"","meta":[],"product_brand":[],"product_cat":[1958,1959],"product_tag":[2402,2406,2403,2404,2405],"class_list":{"0":"post-34159","1":"product","2":"type-product","3":"status-publish","4":"has-post-thumbnail","6":"product_cat-finished","7":"product_cat-upholstered","8":"product_tag-america-seat-type","9":"product_tag-atico-seat-type","10":"product_tag-charlotte","11":"product_tag-chicago-o43-seat-type","12":"product_tag-monaco-plus-seat-type","14":"first","15":"instock","16":"shipping-taxable","17":"product-type-simple"},"aioseo_notices":[],"_links":{"self":[{"href":"https:\/\/reyma-mobiliario.com\/en\/wp-json\/wp\/v2\/product\/34159","targetHints":{"allow":["GET"]}}],"collection":[{"href":"https:\/\/reyma-mobiliario.com\/en\/wp-json\/wp\/v2\/product"}],"about":[{"href":"https:\/\/reyma-mobiliario.com\/en\/wp-json\/wp\/v2\/types\/product"}],"wp:featuredmedia":[{"embeddable":true,"href":"https:\/\/reyma-mobiliario.com\/en\/wp-json\/wp\/v2\/media\/34166"}],"wp:attachment":[{"href":"https:\/\/reyma-mobiliario.com\/en\/wp-json\/wp\/v2\/media?parent=34159"}],"wp:term":[{"taxonomy":"product_brand","embeddable":true,"href":"https:\/\/reyma-mobiliario.com\/en\/wp-json\/wp\/v2\/product_brand?post=34159"},{"taxonomy":"product_cat","embeddable":true,"href":"https:\/\/reyma-mobiliario.com\/en\/wp-json\/wp\/v2\/product_cat?post=34159"},{"taxonomy":"product_tag","embeddable":true,"href":"https:\/\/reyma-mobiliario.com\/en\/wp-json\/wp\/v2\/product_tag?post=34159"}],"curies":[{"name":"wp","href":"https:\/\/api.w.org\/{rel}","templated":true}]}}