{"id":4876,"date":"2020-03-09T10:00:41","date_gmt":"2020-03-09T09:00:41","guid":{"rendered":"https:\/\/gifted-nightingale.82-223-11-116.plesk.page\/producto\/__trashed\/"},"modified":"2025-10-20T13:42:14","modified_gmt":"2025-10-20T11:42:14","slug":"table-milano","status":"publish","type":"product","link":"https:\/\/reyma-mobiliario.com\/en\/productos\/table-milano\/","title":{"rendered":"Table Milano 4870"},"content":{"rendered":"<p>Simple table with continuous and balanced style, marked by pure lines, ideal for indoor. With several finishing possibilities and several table tops sizes. A more modern variant of industrial design, can be mixed with retro, vintage or rustic elements.<\/p>\n","protected":false},"excerpt":{"rendered":"<p><strong> Height: <\/strong> 75 cm<\/p>\n<p><strong>Materials<\/strong>:<br \/>\nSteel frame<br \/>\nCoating in graphite painted.<br \/>\nTabletop finished:\u00a0Werzalit, compact or melamine.<\/p>\n<p><strong>Tabletops measures:<\/strong><br \/>\n\u00d860, \u00d870, \u00d880 60&#215;60, 70&#215;70, 80&#215;80 y 90&#215;90<\/p>\n<div><\/div>\n","protected":false},"featured_media":34678,"template":"","meta":[],"product_brand":[],"product_cat":[467,468],"product_tag":[471,474,473,472],"class_list":{"0":"post-4876","1":"product","2":"type-product","3":"status-publish","4":"has-post-thumbnail","6":"product_cat-indoor","7":"product_cat-indoor-tables","8":"product_tag-indoor-furnitures","9":"product_tag-novelty-2018","10":"product_tag-serie-milano-en","11":"product_tag-tables","13":"first","14":"instock","15":"shipping-taxable","16":"purchasable","17":"product-type-variable"},"aioseo_notices":[],"_links":{"self":[{"href":"https:\/\/reyma-mobiliario.com\/en\/wp-json\/wp\/v2\/product\/4876","targetHints":{"allow":["GET"]}}],"collection":[{"href":"https:\/\/reyma-mobiliario.com\/en\/wp-json\/wp\/v2\/product"}],"about":[{"href":"https:\/\/reyma-mobiliario.com\/en\/wp-json\/wp\/v2\/types\/product"}],"wp:featuredmedia":[{"embeddable":true,"href":"https:\/\/reyma-mobiliario.com\/en\/wp-json\/wp\/v2\/media\/34678"}],"wp:attachment":[{"href":"https:\/\/reyma-mobiliario.com\/en\/wp-json\/wp\/v2\/media?parent=4876"}],"wp:term":[{"taxonomy":"product_brand","embeddable":true,"href":"https:\/\/reyma-mobiliario.com\/en\/wp-json\/wp\/v2\/product_brand?post=4876"},{"taxonomy":"product_cat","embeddable":true,"href":"https:\/\/reyma-mobiliario.com\/en\/wp-json\/wp\/v2\/product_cat?post=4876"},{"taxonomy":"product_tag","embeddable":true,"href":"https:\/\/reyma-mobiliario.com\/en\/wp-json\/wp\/v2\/product_tag?post=4876"}],"curies":[{"name":"wp","href":"https:\/\/api.w.org\/{rel}","templated":true}]}}