{"id":6438,"date":"2020-03-04T10:00:42","date_gmt":"2017-09-13T16:23:42","guid":{"rendered":"https:\/\/gifted-nightingale.82-223-11-116.plesk.page\/producto\/tabler-kolonia-high\/"},"modified":"2025-03-27T17:00:22","modified_gmt":"2025-03-27T16:00:22","slug":"table-kolonia","status":"publish","type":"product","link":"https:\/\/reyma-mobiliario.com\/en\/productos\/table-kolonia\/","title":{"rendered":"Table Kolonia"},"content":{"rendered":"<p>Simple-style table with a rounded column. Strong steel base, ideal for indoor environments.<\/p>\n","protected":false},"excerpt":{"rendered":"<p><strong>Height:<\/strong> 75 or 110 cm<\/p>\n<p><strong>Materials:<\/strong><br \/>\nSteel base painted in white or black with a round column.<br \/>\nTop: <a href=\"https:\/\/reyma-mobiliario.com\/categoria-producto\/tableros\/werzalit\/\" rel=\"noopener\" target=\"_blank\">Werzalit<\/a>, <a href=\"https:\/\/reyma-mobiliario.com\/categoria-producto\/tableros\/compact\/\" rel=\"noopener\" target=\"_blank\">Compact<\/a>, or <a href=\"https:\/\/reyma-mobiliario.com\/categoria-producto\/tableros\/melamina\/\" rel=\"noopener\" target=\"_blank\">Melamine<\/a>.<\/p>\n<p><strong>Tabletop dimensions:<\/strong><br \/>\n\u00d860, \u00d870, \u00d880, 60&#215;60, 70&#215;70, 80&#215;80, 90&#215;90, 100&#215;60, 110&#215;70, and 120&#215;80.<\/p>\n","protected":false},"featured_media":29146,"template":"","meta":[],"product_brand":[],"product_cat":[467,468],"product_tag":[471,474,613,472],"class_list":{"0":"post-6438","1":"product","2":"type-product","3":"status-publish","4":"has-post-thumbnail","6":"product_cat-indoor","7":"product_cat-indoor-tables","8":"product_tag-indoor-furnitures","9":"product_tag-novelty-2018","10":"product_tag-serie-kolonia-en","11":"product_tag-tables","13":"first","14":"instock","15":"shipping-taxable","16":"product-type-variable"},"aioseo_notices":[],"_links":{"self":[{"href":"https:\/\/reyma-mobiliario.com\/en\/wp-json\/wp\/v2\/product\/6438","targetHints":{"allow":["GET"]}}],"collection":[{"href":"https:\/\/reyma-mobiliario.com\/en\/wp-json\/wp\/v2\/product"}],"about":[{"href":"https:\/\/reyma-mobiliario.com\/en\/wp-json\/wp\/v2\/types\/product"}],"wp:featuredmedia":[{"embeddable":true,"href":"https:\/\/reyma-mobiliario.com\/en\/wp-json\/wp\/v2\/media\/29146"}],"wp:attachment":[{"href":"https:\/\/reyma-mobiliario.com\/en\/wp-json\/wp\/v2\/media?parent=6438"}],"wp:term":[{"taxonomy":"product_brand","embeddable":true,"href":"https:\/\/reyma-mobiliario.com\/en\/wp-json\/wp\/v2\/product_brand?post=6438"},{"taxonomy":"product_cat","embeddable":true,"href":"https:\/\/reyma-mobiliario.com\/en\/wp-json\/wp\/v2\/product_cat?post=6438"},{"taxonomy":"product_tag","embeddable":true,"href":"https:\/\/reyma-mobiliario.com\/en\/wp-json\/wp\/v2\/product_tag?post=6438"}],"curies":[{"name":"wp","href":"https:\/\/api.w.org\/{rel}","templated":true}]}}