{"id":6645,"date":"2020-05-02T10:00:59","date_gmt":"2017-10-06T08:20:59","guid":{"rendered":"https:\/\/gifted-nightingale.82-223-11-116.plesk.page\/producto\/table-michigan\/"},"modified":"2025-07-09T11:16:27","modified_gmt":"2025-07-09T09:16:27","slug":"table-michigan","status":"publish","type":"product","link":"https:\/\/reyma-mobiliario.com\/en\/productos\/table-michigan\/","title":{"rendered":"Table Michigan 4970 \/ 4975"},"content":{"rendered":"<p>Table in the purest industrial style with central column and foot in the shape of &#8220;x&#8221;. Manufactured in black painted steel it can be accompanied by any finished tabletops and supports several measures. It is a table very adaptable to any indoor environment.<\/p>\n","protected":false},"excerpt":{"rendered":"<p><strong>Height:<\/strong> 75 cm<\/p>\n<p><strong>Materials<\/strong>:<br \/>\nSteel frame.<br \/>\nCoating in black painted.<\/p>\n<p>Tabletops finished: Werzalit, Compact and Melamine.<\/p>\n<p><strong>Tabletops measures:<\/strong><br \/>\n\u00d860, \u00d870, \u00d880<br \/>\n60&#215;60, 70&#215;70, 80&#215;80, 90&#215;90,<br \/>\n100&#215;60, 110&#215;70 y 120&#215;80<\/p>\n<div><\/div>\n","protected":false},"featured_media":29028,"template":"","meta":[],"product_brand":[],"product_cat":[467,468],"product_tag":[471,687,632,507,472],"class_list":{"0":"post-6645","1":"product","2":"type-product","3":"status-publish","4":"has-post-thumbnail","6":"product_cat-indoor","7":"product_cat-indoor-tables","8":"product_tag-indoor-furnitures","9":"product_tag-novelty-2017","10":"product_tag-serie-michigan-en","11":"product_tag-steel","12":"product_tag-tables","14":"first","15":"instock","16":"shipping-taxable","17":"purchasable","18":"product-type-variable"},"aioseo_notices":[],"_links":{"self":[{"href":"https:\/\/reyma-mobiliario.com\/en\/wp-json\/wp\/v2\/product\/6645","targetHints":{"allow":["GET"]}}],"collection":[{"href":"https:\/\/reyma-mobiliario.com\/en\/wp-json\/wp\/v2\/product"}],"about":[{"href":"https:\/\/reyma-mobiliario.com\/en\/wp-json\/wp\/v2\/types\/product"}],"wp:featuredmedia":[{"embeddable":true,"href":"https:\/\/reyma-mobiliario.com\/en\/wp-json\/wp\/v2\/media\/29028"}],"wp:attachment":[{"href":"https:\/\/reyma-mobiliario.com\/en\/wp-json\/wp\/v2\/media?parent=6645"}],"wp:term":[{"taxonomy":"product_brand","embeddable":true,"href":"https:\/\/reyma-mobiliario.com\/en\/wp-json\/wp\/v2\/product_brand?post=6645"},{"taxonomy":"product_cat","embeddable":true,"href":"https:\/\/reyma-mobiliario.com\/en\/wp-json\/wp\/v2\/product_cat?post=6645"},{"taxonomy":"product_tag","embeddable":true,"href":"https:\/\/reyma-mobiliario.com\/en\/wp-json\/wp\/v2\/product_tag?post=6645"}],"curies":[{"name":"wp","href":"https:\/\/api.w.org\/{rel}","templated":true}]}}