{"id":6836,"date":"2017-09-22T19:14:39","date_gmt":"2017-09-22T17:14:39","guid":{"rendered":"https:\/\/gifted-nightingale.82-223-11-116.plesk.page\/producto\/finished-solo\/"},"modified":"2022-02-08T16:31:37","modified_gmt":"2022-02-08T15:31:37","slug":"finished-solo","status":"publish","type":"product","link":"https:\/\/reyma-mobiliario.com\/en\/productos\/finished-solo\/","title":{"rendered":"Finished SOLO: Violet"},"content":{"rendered":"","protected":false},"excerpt":{"rendered":"<p><strong>Producer:<\/strong> Werzalit<br \/>\n<strong>Finished:<\/strong>\u00a0Solo<\/p>\n<p><strong>Available measures:<\/strong><br \/>\n60\u00d8, 70\u00d8<br \/>\n60\u00d760, 70\u00d770, 80\u00d780<\/p>\n","protected":false},"featured_media":5182,"template":"","meta":[],"product_brand":[],"product_cat":[481,485],"product_tag":[505,683],"class_list":{"0":"post-6836","1":"product","2":"type-product","3":"status-publish","4":"has-post-thumbnail","6":"product_cat-tabletops","7":"product_cat-werzalit-en","8":"product_tag-solo-finished","9":"product_tag-werzalit-tabletop","11":"first","12":"instock","13":"shipping-taxable","14":"product-type-simple"},"aioseo_notices":[],"_links":{"self":[{"href":"https:\/\/reyma-mobiliario.com\/en\/wp-json\/wp\/v2\/product\/6836","targetHints":{"allow":["GET"]}}],"collection":[{"href":"https:\/\/reyma-mobiliario.com\/en\/wp-json\/wp\/v2\/product"}],"about":[{"href":"https:\/\/reyma-mobiliario.com\/en\/wp-json\/wp\/v2\/types\/product"}],"wp:featuredmedia":[{"embeddable":true,"href":"https:\/\/reyma-mobiliario.com\/en\/wp-json\/wp\/v2\/media\/5182"}],"wp:attachment":[{"href":"https:\/\/reyma-mobiliario.com\/en\/wp-json\/wp\/v2\/media?parent=6836"}],"wp:term":[{"taxonomy":"product_brand","embeddable":true,"href":"https:\/\/reyma-mobiliario.com\/en\/wp-json\/wp\/v2\/product_brand?post=6836"},{"taxonomy":"product_cat","embeddable":true,"href":"https:\/\/reyma-mobiliario.com\/en\/wp-json\/wp\/v2\/product_cat?post=6836"},{"taxonomy":"product_tag","embeddable":true,"href":"https:\/\/reyma-mobiliario.com\/en\/wp-json\/wp\/v2\/product_tag?post=6836"}],"curies":[{"name":"wp","href":"https:\/\/api.w.org\/{rel}","templated":true}]}}