{"id":6837,"date":"2017-09-22T19:13:19","date_gmt":"2017-09-22T17:13:19","guid":{"rendered":"https:\/\/gifted-nightingale.82-223-11-116.plesk.page\/producto\/finished-solo-green-lime\/"},"modified":"2022-02-08T16:31:47","modified_gmt":"2022-02-08T15:31:47","slug":"finished-solo-green-lime","status":"publish","type":"product","link":"https:\/\/reyma-mobiliario.com\/en\/productos\/finished-solo-green-lime\/","title":{"rendered":"Finished SOLO: Green lime"},"content":{"rendered":"","protected":false},"excerpt":{"rendered":"<p><strong>Producer:<\/strong> Werzalit<br \/>\n<strong>Finished:<\/strong>\u00a0Solo<\/p>\n<p><strong>Available measures:<\/strong><br \/>\n60\u00d8, 70\u00d8<br \/>\n60\u00d760, 70\u00d770, 80\u00d780<br \/>\n110\u00d770, 120\u00d780<\/p>\n","protected":false},"featured_media":5208,"template":"","meta":[],"product_brand":[],"product_cat":[481,485],"product_tag":[505,683],"class_list":{"0":"post-6837","1":"product","2":"type-product","3":"status-publish","4":"has-post-thumbnail","6":"product_cat-tabletops","7":"product_cat-werzalit-en","8":"product_tag-solo-finished","9":"product_tag-werzalit-tabletop","11":"first","12":"instock","13":"shipping-taxable","14":"product-type-simple"},"aioseo_notices":[],"_links":{"self":[{"href":"https:\/\/reyma-mobiliario.com\/en\/wp-json\/wp\/v2\/product\/6837","targetHints":{"allow":["GET"]}}],"collection":[{"href":"https:\/\/reyma-mobiliario.com\/en\/wp-json\/wp\/v2\/product"}],"about":[{"href":"https:\/\/reyma-mobiliario.com\/en\/wp-json\/wp\/v2\/types\/product"}],"wp:featuredmedia":[{"embeddable":true,"href":"https:\/\/reyma-mobiliario.com\/en\/wp-json\/wp\/v2\/media\/5208"}],"wp:attachment":[{"href":"https:\/\/reyma-mobiliario.com\/en\/wp-json\/wp\/v2\/media?parent=6837"}],"wp:term":[{"taxonomy":"product_brand","embeddable":true,"href":"https:\/\/reyma-mobiliario.com\/en\/wp-json\/wp\/v2\/product_brand?post=6837"},{"taxonomy":"product_cat","embeddable":true,"href":"https:\/\/reyma-mobiliario.com\/en\/wp-json\/wp\/v2\/product_cat?post=6837"},{"taxonomy":"product_tag","embeddable":true,"href":"https:\/\/reyma-mobiliario.com\/en\/wp-json\/wp\/v2\/product_tag?post=6837"}],"curies":[{"name":"wp","href":"https:\/\/api.w.org\/{rel}","templated":true}]}}