{"id":6984,"date":"2020-12-02T10:00:20","date_gmt":"2017-09-22T17:07:20","guid":{"rendered":"https:\/\/gifted-nightingale.82-223-11-116.plesk.page\/producto\/finished-solo-walnut\/"},"modified":"2022-02-08T16:15:54","modified_gmt":"2022-02-08T15:15:54","slug":"finished-solo-walnut","status":"publish","type":"product","link":"https:\/\/reyma-mobiliario.com\/en\/productos\/finished-solo-walnut\/","title":{"rendered":"Finished SOLO: Walnut"},"content":{"rendered":"","protected":false},"excerpt":{"rendered":"<p><strong>Producer:<\/strong> Werzalit<br \/>\n<strong>Finished:<\/strong>\u00a0Solo<\/p>\n<p><strong>Available measures:<\/strong><br \/>\n60\u00d8, 70\u00d8, 80\u00d8, 90\u00d8, 120\u00d8<br \/>\n60\u00d760, 70\u00d770, 80\u00d780, 90\u00d790<br \/>\n100\u00d760, 110\u00d770, 120\u00d780<\/p>\n","protected":false},"featured_media":5204,"template":"","meta":[],"product_brand":[],"product_cat":[481,485],"product_tag":[505,683],"class_list":{"0":"post-6984","1":"product","2":"type-product","3":"status-publish","4":"has-post-thumbnail","6":"product_cat-tabletops","7":"product_cat-werzalit-en","8":"product_tag-solo-finished","9":"product_tag-werzalit-tabletop","11":"first","12":"instock","13":"shipping-taxable","14":"product-type-simple"},"aioseo_notices":[],"_links":{"self":[{"href":"https:\/\/reyma-mobiliario.com\/en\/wp-json\/wp\/v2\/product\/6984","targetHints":{"allow":["GET"]}}],"collection":[{"href":"https:\/\/reyma-mobiliario.com\/en\/wp-json\/wp\/v2\/product"}],"about":[{"href":"https:\/\/reyma-mobiliario.com\/en\/wp-json\/wp\/v2\/types\/product"}],"wp:featuredmedia":[{"embeddable":true,"href":"https:\/\/reyma-mobiliario.com\/en\/wp-json\/wp\/v2\/media\/5204"}],"wp:attachment":[{"href":"https:\/\/reyma-mobiliario.com\/en\/wp-json\/wp\/v2\/media?parent=6984"}],"wp:term":[{"taxonomy":"product_brand","embeddable":true,"href":"https:\/\/reyma-mobiliario.com\/en\/wp-json\/wp\/v2\/product_brand?post=6984"},{"taxonomy":"product_cat","embeddable":true,"href":"https:\/\/reyma-mobiliario.com\/en\/wp-json\/wp\/v2\/product_cat?post=6984"},{"taxonomy":"product_tag","embeddable":true,"href":"https:\/\/reyma-mobiliario.com\/en\/wp-json\/wp\/v2\/product_tag?post=6984"}],"curies":[{"name":"wp","href":"https:\/\/api.w.org\/{rel}","templated":true}]}}