{"id":6985,"date":"2017-09-22T19:05:25","date_gmt":"2017-09-22T17:05:25","guid":{"rendered":"https:\/\/gifted-nightingale.82-223-11-116.plesk.page\/producto\/finished-solo-orange\/"},"modified":"2022-02-08T16:35:08","modified_gmt":"2022-02-08T15:35:08","slug":"finished-solo-orange","status":"publish","type":"product","link":"https:\/\/reyma-mobiliario.com\/en\/productos\/finished-solo-orange\/","title":{"rendered":"Finished SOLO: Orange"},"content":{"rendered":"","protected":false},"excerpt":{"rendered":"<p><strong>Producer:<\/strong> Werzalit<br \/>\n<strong>Finished:<\/strong>\u00a0Solo<\/p>\n<p><strong>Available measures:<\/strong><br \/>\n60\u00d8, 70\u00d8<br \/>\n60\u00d760, 70\u00d770, 80\u00d780<br \/>\n100&#215;60, 110\u00d770, 120\u00d780<\/p>\n","protected":false},"featured_media":5203,"template":"","meta":[],"product_brand":[],"product_cat":[481,485],"product_tag":[505,683],"class_list":{"0":"post-6985","1":"product","2":"type-product","3":"status-publish","4":"has-post-thumbnail","6":"product_cat-tabletops","7":"product_cat-werzalit-en","8":"product_tag-solo-finished","9":"product_tag-werzalit-tabletop","11":"first","12":"instock","13":"shipping-taxable","14":"product-type-simple"},"aioseo_notices":[],"_links":{"self":[{"href":"https:\/\/reyma-mobiliario.com\/en\/wp-json\/wp\/v2\/product\/6985","targetHints":{"allow":["GET"]}}],"collection":[{"href":"https:\/\/reyma-mobiliario.com\/en\/wp-json\/wp\/v2\/product"}],"about":[{"href":"https:\/\/reyma-mobiliario.com\/en\/wp-json\/wp\/v2\/types\/product"}],"wp:featuredmedia":[{"embeddable":true,"href":"https:\/\/reyma-mobiliario.com\/en\/wp-json\/wp\/v2\/media\/5203"}],"wp:attachment":[{"href":"https:\/\/reyma-mobiliario.com\/en\/wp-json\/wp\/v2\/media?parent=6985"}],"wp:term":[{"taxonomy":"product_brand","embeddable":true,"href":"https:\/\/reyma-mobiliario.com\/en\/wp-json\/wp\/v2\/product_brand?post=6985"},{"taxonomy":"product_cat","embeddable":true,"href":"https:\/\/reyma-mobiliario.com\/en\/wp-json\/wp\/v2\/product_cat?post=6985"},{"taxonomy":"product_tag","embeddable":true,"href":"https:\/\/reyma-mobiliario.com\/en\/wp-json\/wp\/v2\/product_tag?post=6985"}],"curies":[{"name":"wp","href":"https:\/\/api.w.org\/{rel}","templated":true}]}}