{"id":7006,"date":"2017-09-22T10:24:28","date_gmt":"2017-09-22T08:24:28","guid":{"rendered":"https:\/\/gifted-nightingale.82-223-11-116.plesk.page\/producto\/melamine-oak-hera\/"},"modified":"2023-11-02T13:27:51","modified_gmt":"2023-11-02T12:27:51","slug":"melamine-oak-hera","status":"publish","type":"product","link":"https:\/\/reyma-mobiliario.com\/en\/productos\/melamine-oak-hera\/","title":{"rendered":"Melamine FINSA: Oak Hera"},"content":{"rendered":"<p>&nbsp;<\/p>\n<div><\/div>\n","protected":false},"excerpt":{"rendered":"<p><strong>Producer:<\/strong> Finsa<\/p>\n<p>Melamine thickening 38mm.<\/p>\n<p><strong> Available sizes: <\/strong><br \/>\n\u00d860, \u00d870, \u00d880, \u00d890<br \/>\n60 \u00d7 60, 70 \u00d7 70, 80 \u00d7 80, 90 \u00d7 90<br \/>\n110 \u00d7 70, 120 \u00d7 80<\/p>\n<p>Other measures, consult.<\/p>\n<div><\/div>\n","protected":false},"featured_media":27708,"template":"","meta":[],"product_brand":[],"product_cat":[483,481],"product_tag":[679,681],"class_list":{"0":"post-7006","1":"product","2":"type-product","3":"status-publish","4":"has-post-thumbnail","6":"product_cat-melamine","7":"product_cat-tabletops","8":"product_tag-finsa-tabletop","9":"product_tag-melamine-tabletop","11":"first","12":"instock","13":"shipping-taxable","14":"product-type-simple"},"aioseo_notices":[],"_links":{"self":[{"href":"https:\/\/reyma-mobiliario.com\/en\/wp-json\/wp\/v2\/product\/7006","targetHints":{"allow":["GET"]}}],"collection":[{"href":"https:\/\/reyma-mobiliario.com\/en\/wp-json\/wp\/v2\/product"}],"about":[{"href":"https:\/\/reyma-mobiliario.com\/en\/wp-json\/wp\/v2\/types\/product"}],"wp:featuredmedia":[{"embeddable":true,"href":"https:\/\/reyma-mobiliario.com\/en\/wp-json\/wp\/v2\/media\/27708"}],"wp:attachment":[{"href":"https:\/\/reyma-mobiliario.com\/en\/wp-json\/wp\/v2\/media?parent=7006"}],"wp:term":[{"taxonomy":"product_brand","embeddable":true,"href":"https:\/\/reyma-mobiliario.com\/en\/wp-json\/wp\/v2\/product_brand?post=7006"},{"taxonomy":"product_cat","embeddable":true,"href":"https:\/\/reyma-mobiliario.com\/en\/wp-json\/wp\/v2\/product_cat?post=7006"},{"taxonomy":"product_tag","embeddable":true,"href":"https:\/\/reyma-mobiliario.com\/en\/wp-json\/wp\/v2\/product_tag?post=7006"}],"curies":[{"name":"wp","href":"https:\/\/api.w.org\/{rel}","templated":true}]}}