{"id":7179,"date":"2020-03-11T10:00:03","date_gmt":"2017-10-05T08:14:03","guid":{"rendered":"https:\/\/gifted-nightingale.82-223-11-116.plesk.page\/producto\/table-oslo-i-f\/"},"modified":"2025-07-09T11:16:42","modified_gmt":"2025-07-09T09:16:42","slug":"table-oslo","status":"publish","type":"product","link":"https:\/\/reyma-mobiliario.com\/en\/productos\/table-oslo\/","title":{"rendered":"Table Oslo I.F. 4760"},"content":{"rendered":"<p>Table with foundry iron foot very resistant, especially for indoor environments. Its robust design allows any type of tabletop with wide measurements.<\/p>\n","protected":false},"excerpt":{"rendered":"<p><strong>Height:<\/strong> 75 cm<\/p>\n<p><strong>Materials<\/strong>:<br \/>\nIron foundry leg.<\/p>\n<p>Finished tabletops: Werzalit, Compact or Melamine.<\/p>\n<p><strong>Tabletops measures:<\/strong><br \/>\n60\u00d8, 70\u00d8. 80\u00d8, 90\u00d8, 105\u00d8, 60&#215;60, 70&#215;70, 80&#215;80, 90&#215;90<\/p>\n","protected":false},"featured_media":17161,"template":"","meta":[],"product_brand":[],"product_cat":[467,468],"product_tag":[471,525,625,472],"class_list":{"0":"post-7179","1":"product","2":"type-product","3":"status-publish","4":"has-post-thumbnail","6":"product_cat-indoor","7":"product_cat-indoor-tables","8":"product_tag-indoor-furnitures","9":"product_tag-iron-foundry","10":"product_tag-serie-oslo-en","11":"product_tag-tables","13":"first","14":"instock","15":"shipping-taxable","16":"product-type-variable"},"aioseo_notices":[],"_links":{"self":[{"href":"https:\/\/reyma-mobiliario.com\/en\/wp-json\/wp\/v2\/product\/7179","targetHints":{"allow":["GET"]}}],"collection":[{"href":"https:\/\/reyma-mobiliario.com\/en\/wp-json\/wp\/v2\/product"}],"about":[{"href":"https:\/\/reyma-mobiliario.com\/en\/wp-json\/wp\/v2\/types\/product"}],"wp:featuredmedia":[{"embeddable":true,"href":"https:\/\/reyma-mobiliario.com\/en\/wp-json\/wp\/v2\/media\/17161"}],"wp:attachment":[{"href":"https:\/\/reyma-mobiliario.com\/en\/wp-json\/wp\/v2\/media?parent=7179"}],"wp:term":[{"taxonomy":"product_brand","embeddable":true,"href":"https:\/\/reyma-mobiliario.com\/en\/wp-json\/wp\/v2\/product_brand?post=7179"},{"taxonomy":"product_cat","embeddable":true,"href":"https:\/\/reyma-mobiliario.com\/en\/wp-json\/wp\/v2\/product_cat?post=7179"},{"taxonomy":"product_tag","embeddable":true,"href":"https:\/\/reyma-mobiliario.com\/en\/wp-json\/wp\/v2\/product_tag?post=7179"}],"curies":[{"name":"wp","href":"https:\/\/api.w.org\/{rel}","templated":true}]}}