{"id":7224,"date":"2020-06-04T10:00:34","date_gmt":"2017-10-03T06:56:34","guid":{"rendered":"https:\/\/gifted-nightingale.82-223-11-116.plesk.page\/producto\/table-paris\/"},"modified":"2025-07-09T08:44:20","modified_gmt":"2025-07-09T06:44:20","slug":"table-paris-7003","status":"publish","type":"product","link":"https:\/\/reyma-mobiliario.com\/en\/productos\/table-paris-7003\/","title":{"rendered":"Table Paris 7003"},"content":{"rendered":"<p>Table designed for interior with great versatility and resistance. Allows any type of tabletop and is specially designed for indoor use.<\/p>\n<div><\/div>\n","protected":false},"excerpt":{"rendered":"<p><strong>High:<\/strong> 75 cm<\/p>\n<p><strong>Materials<\/strong>:<br \/>\nCasti iron frame.<br \/>\nFinished Tabletops: Werzalit, Werzalit brass ring, compact or melamine.<\/p>\n<p><strong>Tabletops measures:<\/strong><br \/>\n60\u00d8, 70\u00d8, 80\u00d8.<\/p>\n<p><strong>Tabletops with brass ring<\/strong><br \/>\n60\u00d8 and 70\u00d8<\/p>\n<div><\/div>\n","protected":false},"featured_media":21739,"template":"","meta":[],"product_brand":[],"product_cat":[467,468],"product_tag":[471,525,621,472],"class_list":{"0":"post-7224","1":"product","2":"type-product","3":"status-publish","4":"has-post-thumbnail","6":"product_cat-indoor","7":"product_cat-indoor-tables","8":"product_tag-indoor-furnitures","9":"product_tag-iron-foundry","10":"product_tag-serie-paris-en","11":"product_tag-tables","13":"first","14":"instock","15":"shipping-taxable","16":"product-type-simple"},"aioseo_notices":[],"_links":{"self":[{"href":"https:\/\/reyma-mobiliario.com\/en\/wp-json\/wp\/v2\/product\/7224","targetHints":{"allow":["GET"]}}],"collection":[{"href":"https:\/\/reyma-mobiliario.com\/en\/wp-json\/wp\/v2\/product"}],"about":[{"href":"https:\/\/reyma-mobiliario.com\/en\/wp-json\/wp\/v2\/types\/product"}],"wp:featuredmedia":[{"embeddable":true,"href":"https:\/\/reyma-mobiliario.com\/en\/wp-json\/wp\/v2\/media\/21739"}],"wp:attachment":[{"href":"https:\/\/reyma-mobiliario.com\/en\/wp-json\/wp\/v2\/media?parent=7224"}],"wp:term":[{"taxonomy":"product_brand","embeddable":true,"href":"https:\/\/reyma-mobiliario.com\/en\/wp-json\/wp\/v2\/product_brand?post=7224"},{"taxonomy":"product_cat","embeddable":true,"href":"https:\/\/reyma-mobiliario.com\/en\/wp-json\/wp\/v2\/product_cat?post=7224"},{"taxonomy":"product_tag","embeddable":true,"href":"https:\/\/reyma-mobiliario.com\/en\/wp-json\/wp\/v2\/product_tag?post=7224"}],"curies":[{"name":"wp","href":"https:\/\/api.w.org\/{rel}","templated":true}]}}