{"id":7269,"date":"2020-01-15T10:00:47","date_gmt":"2017-10-02T13:52:47","guid":{"rendered":"https:\/\/gifted-nightingale.82-223-11-116.plesk.page\/producto\/table-ref-4610\/"},"modified":"2023-11-10T12:33:54","modified_gmt":"2023-11-10T11:33:54","slug":"table-epoca-42","status":"publish","type":"product","link":"https:\/\/reyma-mobiliario.com\/en\/productos\/table-epoca-42\/","title":{"rendered":"Table \u00c9poca 42"},"content":{"rendered":"<p>Industrial design table made of cast iron with stepped finished at the base. Its resistant structure supports all types of tabletops and is intended for indoor environments.<\/p>\n<div><\/div>\n","protected":false},"excerpt":{"rendered":"<p><strong>Height:<\/strong> 75 cm<\/p>\n<p><strong>Materials<\/strong>:<br \/>\nIron foundry leg with round base 42 cm \u00d8 staggered.<br \/>\nColumn: Iron foundry or wood.<\/p>\n<p>Finished Tabletops: Werzalit, compact or melamine.<\/p>\n<p><strong>Tabletop measures:<\/strong><br \/>\n60\u00d8, 70\u00d8, 80\u00d8, 60&#215;60 y 70&#215;70<\/p>\n<div><\/div>\n","protected":false},"featured_media":17491,"template":"","meta":[],"product_brand":[],"product_cat":[467,468],"product_tag":[471,525,516,674,472],"class_list":{"0":"post-7269","1":"product","2":"type-product","3":"status-publish","4":"has-post-thumbnail","6":"product_cat-indoor","7":"product_cat-indoor-tables","8":"product_tag-indoor-furnitures","9":"product_tag-iron-foundry","10":"product_tag-round-base","11":"product_tag-serie-epoca-en","12":"product_tag-tables","14":"first","15":"instock","16":"shipping-taxable","17":"product-type-variable"},"aioseo_notices":[],"_links":{"self":[{"href":"https:\/\/reyma-mobiliario.com\/en\/wp-json\/wp\/v2\/product\/7269","targetHints":{"allow":["GET"]}}],"collection":[{"href":"https:\/\/reyma-mobiliario.com\/en\/wp-json\/wp\/v2\/product"}],"about":[{"href":"https:\/\/reyma-mobiliario.com\/en\/wp-json\/wp\/v2\/types\/product"}],"wp:featuredmedia":[{"embeddable":true,"href":"https:\/\/reyma-mobiliario.com\/en\/wp-json\/wp\/v2\/media\/17491"}],"wp:attachment":[{"href":"https:\/\/reyma-mobiliario.com\/en\/wp-json\/wp\/v2\/media?parent=7269"}],"wp:term":[{"taxonomy":"product_brand","embeddable":true,"href":"https:\/\/reyma-mobiliario.com\/en\/wp-json\/wp\/v2\/product_brand?post=7269"},{"taxonomy":"product_cat","embeddable":true,"href":"https:\/\/reyma-mobiliario.com\/en\/wp-json\/wp\/v2\/product_cat?post=7269"},{"taxonomy":"product_tag","embeddable":true,"href":"https:\/\/reyma-mobiliario.com\/en\/wp-json\/wp\/v2\/product_tag?post=7269"}],"curies":[{"name":"wp","href":"https:\/\/api.w.org\/{rel}","templated":true}]}}