{"id":7274,"date":"2020-01-12T10:00:16","date_gmt":"2017-10-02T11:03:16","guid":{"rendered":"https:\/\/gifted-nightingale.82-223-11-116.plesk.page\/producto\/table-ref-4150\/"},"modified":"2023-11-10T12:34:20","modified_gmt":"2023-11-10T11:34:20","slug":"table-hotel-42","status":"publish","type":"product","link":"https:\/\/reyma-mobiliario.com\/en\/productos\/table-hotel-42\/","title":{"rendered":"Table Hotel 42"},"content":{"rendered":"<p>Table made of cast iron and special for indoor use. Its round base of 42cm in diameter can be combined with a column of iron in black or wood, there is also the possibility of requesting the foot completely painted in gray. Its great resistance makes this foot suitable for any type of tabletop material.<\/p>\n<div><\/div>\n","protected":false},"excerpt":{"rendered":"<p><strong>Height:<\/strong> 75 cm<\/p>\n<p><strong>Materials<\/strong>:<\/p>\n<p>Iron foundry leg round base 42 cm \u00d8<br \/>\nColumn: Iron foundry, wood or painted grey.<\/p>\n<p>Finished Tabletops: Werzalit, compact or melamine.<\/p>\n<p><strong>Tabletops measures:<\/strong><br \/>\n60\u00d8, 70\u00d8, 80\u00d8, 60&#215;60 y 70&#215;70<\/p>\n<div><\/div>\n","protected":false},"featured_media":10868,"template":"","meta":[],"product_brand":[],"product_cat":[467,468],"product_tag":[471,525,516,1807,472],"class_list":{"0":"post-7274","1":"product","2":"type-product","3":"status-publish","4":"has-post-thumbnail","6":"product_cat-indoor","7":"product_cat-indoor-tables","8":"product_tag-indoor-furnitures","9":"product_tag-iron-foundry","10":"product_tag-round-base","11":"product_tag-serie-hotel-en","12":"product_tag-tables","14":"first","15":"instock","16":"shipping-taxable","17":"product-type-variable"},"aioseo_notices":[],"_links":{"self":[{"href":"https:\/\/reyma-mobiliario.com\/en\/wp-json\/wp\/v2\/product\/7274","targetHints":{"allow":["GET"]}}],"collection":[{"href":"https:\/\/reyma-mobiliario.com\/en\/wp-json\/wp\/v2\/product"}],"about":[{"href":"https:\/\/reyma-mobiliario.com\/en\/wp-json\/wp\/v2\/types\/product"}],"wp:featuredmedia":[{"embeddable":true,"href":"https:\/\/reyma-mobiliario.com\/en\/wp-json\/wp\/v2\/media\/10868"}],"wp:attachment":[{"href":"https:\/\/reyma-mobiliario.com\/en\/wp-json\/wp\/v2\/media?parent=7274"}],"wp:term":[{"taxonomy":"product_brand","embeddable":true,"href":"https:\/\/reyma-mobiliario.com\/en\/wp-json\/wp\/v2\/product_brand?post=7274"},{"taxonomy":"product_cat","embeddable":true,"href":"https:\/\/reyma-mobiliario.com\/en\/wp-json\/wp\/v2\/product_cat?post=7274"},{"taxonomy":"product_tag","embeddable":true,"href":"https:\/\/reyma-mobiliario.com\/en\/wp-json\/wp\/v2\/product_tag?post=7274"}],"curies":[{"name":"wp","href":"https:\/\/api.w.org\/{rel}","templated":true}]}}