{"id":7306,"date":"2024-01-05T10:00:57","date_gmt":"2017-10-02T08:44:57","guid":{"rendered":"https:\/\/gifted-nightingale.82-223-11-116.plesk.page\/producto\/table-gran-roma\/"},"modified":"2025-03-04T17:47:15","modified_gmt":"2025-03-04T16:47:15","slug":"table-gran-roma-45","status":"publish","type":"product","link":"https:\/\/reyma-mobiliario.com\/en\/productos\/table-gran-roma-45\/","title":{"rendered":"Table Gran Roma 45 9545"},"content":{"rendered":"<p>Aluminum table made for indoor and outdoor use. Its rounded design in both its base and the column gives a soft touch without edges. It supports any type of tabletop and several measures, both round and square.<\/p>\n","protected":false},"excerpt":{"rendered":"<p><strong>Height:<\/strong> 75 cm<\/p>\n<p><strong>Materials<\/strong>:<br \/>\nAluminum frame or aluminum frame painted graphite, grey or white<br \/>\nRound base 45cm \u00d8<\/p>\n<p>Tabletops: werzalit, Compact or melamine*<\/p>\n<p>*melamine only for indoor use.<\/p>\n<p><strong>Tabletop measures:<\/strong><br \/>\n60\u00d8, 70\u00d8, 80\u00d8, 60&#215;60 and 70&#215;70<\/p>\n","protected":false},"featured_media":29295,"template":"","meta":[],"product_brand":[],"product_cat":[467,468,487,491],"product_tag":[509,471,651,516,472],"class_list":{"0":"post-7306","1":"product","2":"type-product","3":"status-publish","4":"has-post-thumbnail","6":"product_cat-indoor","7":"product_cat-indoor-tables","8":"product_cat-outdoor","9":"product_cat-outdoor-tables","10":"product_tag-aluminum","11":"product_tag-indoor-furnitures","12":"product_tag-serie-roma-en","13":"product_tag-round-base","14":"product_tag-tables","16":"first","17":"instock","18":"shipping-taxable","19":"product-type-simple"},"aioseo_notices":[],"_links":{"self":[{"href":"https:\/\/reyma-mobiliario.com\/en\/wp-json\/wp\/v2\/product\/7306","targetHints":{"allow":["GET"]}}],"collection":[{"href":"https:\/\/reyma-mobiliario.com\/en\/wp-json\/wp\/v2\/product"}],"about":[{"href":"https:\/\/reyma-mobiliario.com\/en\/wp-json\/wp\/v2\/types\/product"}],"wp:featuredmedia":[{"embeddable":true,"href":"https:\/\/reyma-mobiliario.com\/en\/wp-json\/wp\/v2\/media\/29295"}],"wp:attachment":[{"href":"https:\/\/reyma-mobiliario.com\/en\/wp-json\/wp\/v2\/media?parent=7306"}],"wp:term":[{"taxonomy":"product_brand","embeddable":true,"href":"https:\/\/reyma-mobiliario.com\/en\/wp-json\/wp\/v2\/product_brand?post=7306"},{"taxonomy":"product_cat","embeddable":true,"href":"https:\/\/reyma-mobiliario.com\/en\/wp-json\/wp\/v2\/product_cat?post=7306"},{"taxonomy":"product_tag","embeddable":true,"href":"https:\/\/reyma-mobiliario.com\/en\/wp-json\/wp\/v2\/product_tag?post=7306"}],"curies":[{"name":"wp","href":"https:\/\/api.w.org\/{rel}","templated":true}]}}