{"id":7311,"date":"2024-11-23T10:00:19","date_gmt":"2024-11-23T09:00:19","guid":{"rendered":"https:\/\/gifted-nightingale.82-223-11-116.plesk.page\/producto\/table-munich-high\/"},"modified":"2026-03-23T12:37:13","modified_gmt":"2026-03-23T11:37:13","slug":"table-munich-round","status":"publish","type":"product","link":"https:\/\/reyma-mobiliario.com\/en\/productos\/table-munich-round\/","title":{"rendered":"Table Munich \u00d8 base"},"content":{"rendered":"<p>New version of the Munich table for interior with \u00d848 base; available in various colors.<\/p>\n","protected":false},"excerpt":{"rendered":"<p><strong>Height:<\/strong> 76 cm or 110 cm<\/p>\n<p><strong>Materials:<\/strong> Base: Aluminum and painted aluminum in black, taupe, or white.<\/p>\n<p>Tabletops: Werzalit, <a href=\"https:\/\/reyma-mobiliario.com\/categoria-producto\/tableros\/melamina\/\" target=\"_blank\" rel=\"noopener\">Melamine<\/a> or <a href=\"https:\/\/reyma-mobiliario.com\/categoria-producto\/tableros\/compact\/\" target=\"_blank\" rel=\"noopener\">Compact<\/a><\/p>\n<p><strong>Tabletop sizes:<\/strong> For height 76: \u00d870, \u00d880, 60&#215;60, 70&#215;70, or 80&#215;80 For height 110: \u00d860, \u00d870, 60&#215;60, or 70&#215;70<\/p>\n","protected":false},"featured_media":33700,"template":"","meta":[],"product_brand":[],"product_cat":[467,468],"product_tag":[509,471,2078,600,514,472],"class_list":{"0":"post-7311","1":"product","2":"type-product","3":"status-publish","4":"has-post-thumbnail","6":"product_cat-indoor","7":"product_cat-indoor-tables","8":"product_tag-aluminum","9":"product_tag-indoor-furnitures","10":"product_tag-novelty-2025","11":"product_tag-serie-munich-en","12":"product_tag-square-base","13":"product_tag-tables","15":"first","16":"instock","17":"shipping-taxable","18":"purchasable","19":"product-type-variable"},"aioseo_notices":[],"_links":{"self":[{"href":"https:\/\/reyma-mobiliario.com\/en\/wp-json\/wp\/v2\/product\/7311","targetHints":{"allow":["GET"]}}],"collection":[{"href":"https:\/\/reyma-mobiliario.com\/en\/wp-json\/wp\/v2\/product"}],"about":[{"href":"https:\/\/reyma-mobiliario.com\/en\/wp-json\/wp\/v2\/types\/product"}],"wp:featuredmedia":[{"embeddable":true,"href":"https:\/\/reyma-mobiliario.com\/en\/wp-json\/wp\/v2\/media\/33700"}],"wp:attachment":[{"href":"https:\/\/reyma-mobiliario.com\/en\/wp-json\/wp\/v2\/media?parent=7311"}],"wp:term":[{"taxonomy":"product_brand","embeddable":true,"href":"https:\/\/reyma-mobiliario.com\/en\/wp-json\/wp\/v2\/product_brand?post=7311"},{"taxonomy":"product_cat","embeddable":true,"href":"https:\/\/reyma-mobiliario.com\/en\/wp-json\/wp\/v2\/product_cat?post=7311"},{"taxonomy":"product_tag","embeddable":true,"href":"https:\/\/reyma-mobiliario.com\/en\/wp-json\/wp\/v2\/product_tag?post=7311"}],"curies":[{"name":"wp","href":"https:\/\/api.w.org\/{rel}","templated":true}]}}