{"id":7755,"date":"2013-05-26T17:59:29","date_gmt":"2017-05-26T15:59:29","guid":{"rendered":"https:\/\/gifted-nightingale.82-223-11-116.plesk.page\/producto\/finished-studio-selva\/"},"modified":"2023-05-03T11:52:24","modified_gmt":"2023-05-03T09:52:24","slug":"finished-studio-selva","status":"publish","type":"product","link":"https:\/\/reyma-mobiliario.com\/en\/productos\/finished-studio-selva\/","title":{"rendered":"Finished STUDIO: Selva"},"content":{"rendered":"","protected":false},"excerpt":{"rendered":"<p><strong>Producer:<\/strong> Werzalit<br \/>\n<strong>Finished:<\/strong> Studio<\/p>\n<p><strong>Available measures:<\/strong><br \/>\n60\u00d8, 70\u00d8, 80\u00d8<br \/>\n60&#215;60<br \/>\n100&#215;60, 110&#215;70, 120&#215;80<\/p>\n","protected":false},"featured_media":6186,"template":"","meta":[],"product_brand":[],"product_cat":[485],"product_tag":[506,683],"class_list":{"0":"post-7755","1":"product","2":"type-product","3":"status-publish","4":"has-post-thumbnail","6":"product_cat-werzalit-en","7":"product_tag-studio-finished","8":"product_tag-werzalit-tabletop","10":"first","11":"instock","12":"shipping-taxable","13":"product-type-simple"},"aioseo_notices":[],"_links":{"self":[{"href":"https:\/\/reyma-mobiliario.com\/en\/wp-json\/wp\/v2\/product\/7755","targetHints":{"allow":["GET"]}}],"collection":[{"href":"https:\/\/reyma-mobiliario.com\/en\/wp-json\/wp\/v2\/product"}],"about":[{"href":"https:\/\/reyma-mobiliario.com\/en\/wp-json\/wp\/v2\/types\/product"}],"wp:featuredmedia":[{"embeddable":true,"href":"https:\/\/reyma-mobiliario.com\/en\/wp-json\/wp\/v2\/media\/6186"}],"wp:attachment":[{"href":"https:\/\/reyma-mobiliario.com\/en\/wp-json\/wp\/v2\/media?parent=7755"}],"wp:term":[{"taxonomy":"product_brand","embeddable":true,"href":"https:\/\/reyma-mobiliario.com\/en\/wp-json\/wp\/v2\/product_brand?post=7755"},{"taxonomy":"product_cat","embeddable":true,"href":"https:\/\/reyma-mobiliario.com\/en\/wp-json\/wp\/v2\/product_cat?post=7755"},{"taxonomy":"product_tag","embeddable":true,"href":"https:\/\/reyma-mobiliario.com\/en\/wp-json\/wp\/v2\/product_tag?post=7755"}],"curies":[{"name":"wp","href":"https:\/\/api.w.org\/{rel}","templated":true}]}}