{"id":7772,"date":"2013-09-26T16:25:03","date_gmt":"2017-09-26T14:25:03","guid":{"rendered":"https:\/\/gifted-nightingale.82-223-11-116.plesk.page\/producto\/finished-duo-romanico-azul\/"},"modified":"2023-05-03T11:52:13","modified_gmt":"2023-05-03T09:52:13","slug":"finished-duo-romanico-azul","status":"publish","type":"product","link":"https:\/\/reyma-mobiliario.com\/en\/productos\/finished-duo-romanico-azul\/","title":{"rendered":"Finished STUDIO: Rom\u00e1nico Azul"},"content":{"rendered":"","protected":false},"excerpt":{"rendered":"<p><strong>Producer:<\/strong>\u00a0Werzalit<br \/>\n<strong>Finished:<\/strong> Studio<br \/>\n<strong>Available measures:<\/strong><br \/>\n60\u00d8, 70\u00d8, 80\u00d8<br \/>\n60&#215;60, 90&#215;90<br \/>\n100&#215;60, 110&#215;70, 120&#215;80<\/p>\n","protected":false},"featured_media":5210,"template":"","meta":[],"product_brand":[],"product_cat":[485],"product_tag":[978,682,506,683],"class_list":{"0":"post-7772","1":"product","2":"type-product","3":"status-publish","4":"has-post-thumbnail","6":"product_cat-werzalit-en","7":"product_tag-outlet","8":"product_tag-sm-france-tabletop","9":"product_tag-studio-finished","10":"product_tag-werzalit-tabletop","12":"first","13":"outofstock","14":"shipping-taxable","15":"product-type-simple"},"aioseo_notices":[],"_links":{"self":[{"href":"https:\/\/reyma-mobiliario.com\/en\/wp-json\/wp\/v2\/product\/7772","targetHints":{"allow":["GET"]}}],"collection":[{"href":"https:\/\/reyma-mobiliario.com\/en\/wp-json\/wp\/v2\/product"}],"about":[{"href":"https:\/\/reyma-mobiliario.com\/en\/wp-json\/wp\/v2\/types\/product"}],"wp:featuredmedia":[{"embeddable":true,"href":"https:\/\/reyma-mobiliario.com\/en\/wp-json\/wp\/v2\/media\/5210"}],"wp:attachment":[{"href":"https:\/\/reyma-mobiliario.com\/en\/wp-json\/wp\/v2\/media?parent=7772"}],"wp:term":[{"taxonomy":"product_brand","embeddable":true,"href":"https:\/\/reyma-mobiliario.com\/en\/wp-json\/wp\/v2\/product_brand?post=7772"},{"taxonomy":"product_cat","embeddable":true,"href":"https:\/\/reyma-mobiliario.com\/en\/wp-json\/wp\/v2\/product_cat?post=7772"},{"taxonomy":"product_tag","embeddable":true,"href":"https:\/\/reyma-mobiliario.com\/en\/wp-json\/wp\/v2\/product_tag?post=7772"}],"curies":[{"name":"wp","href":"https:\/\/api.w.org\/{rel}","templated":true}]}}