{"id":7784,"date":"2013-05-26T16:17:46","date_gmt":"2017-05-26T14:17:46","guid":{"rendered":"https:\/\/gifted-nightingale.82-223-11-116.plesk.page\/producto\/finished-duo-marmol\/"},"modified":"2023-05-03T16:16:05","modified_gmt":"2023-05-03T14:16:05","slug":"finished-duo-marmol","status":"publish","type":"product","link":"https:\/\/reyma-mobiliario.com\/en\/productos\/finished-duo-marmol\/","title":{"rendered":"Finished STUDIO: Marmol"},"content":{"rendered":"","protected":false},"excerpt":{"rendered":"<p><strong>Producer:<\/strong>\u00a0Werzalit<br \/>\n<strong>Finished:<\/strong> Studio<\/p>\n<p><strong>Available measures:<\/strong><br \/>\n60\u00d8, 70\u00d8, 80\u00d8<\/p>\n","protected":false},"featured_media":6192,"template":"","meta":[],"product_brand":[],"product_cat":[485],"product_tag":[978,682,506,683],"class_list":{"0":"post-7784","1":"product","2":"type-product","3":"status-publish","4":"has-post-thumbnail","6":"product_cat-werzalit-en","7":"product_tag-outlet","8":"product_tag-sm-france-tabletop","9":"product_tag-studio-finished","10":"product_tag-werzalit-tabletop","12":"first","13":"instock","14":"shipping-taxable","15":"product-type-simple"},"aioseo_notices":[],"_links":{"self":[{"href":"https:\/\/reyma-mobiliario.com\/en\/wp-json\/wp\/v2\/product\/7784","targetHints":{"allow":["GET"]}}],"collection":[{"href":"https:\/\/reyma-mobiliario.com\/en\/wp-json\/wp\/v2\/product"}],"about":[{"href":"https:\/\/reyma-mobiliario.com\/en\/wp-json\/wp\/v2\/types\/product"}],"wp:featuredmedia":[{"embeddable":true,"href":"https:\/\/reyma-mobiliario.com\/en\/wp-json\/wp\/v2\/media\/6192"}],"wp:attachment":[{"href":"https:\/\/reyma-mobiliario.com\/en\/wp-json\/wp\/v2\/media?parent=7784"}],"wp:term":[{"taxonomy":"product_brand","embeddable":true,"href":"https:\/\/reyma-mobiliario.com\/en\/wp-json\/wp\/v2\/product_brand?post=7784"},{"taxonomy":"product_cat","embeddable":true,"href":"https:\/\/reyma-mobiliario.com\/en\/wp-json\/wp\/v2\/product_cat?post=7784"},{"taxonomy":"product_tag","embeddable":true,"href":"https:\/\/reyma-mobiliario.com\/en\/wp-json\/wp\/v2\/product_tag?post=7784"}],"curies":[{"name":"wp","href":"https:\/\/api.w.org\/{rel}","templated":true}]}}