{"id":7785,"date":"2013-05-26T15:59:35","date_gmt":"2017-05-26T13:59:35","guid":{"rendered":"https:\/\/gifted-nightingale.82-223-11-116.plesk.page\/producto\/finished-duo-amazonas\/"},"modified":"2023-05-03T16:16:01","modified_gmt":"2023-05-03T14:16:01","slug":"finished-duo-amazonas","status":"publish","type":"product","link":"https:\/\/reyma-mobiliario.com\/en\/productos\/finished-duo-amazonas\/","title":{"rendered":"Finished STUDIO: Amazonas"},"content":{"rendered":"","protected":false},"excerpt":{"rendered":"<p><strong>Producer:<\/strong> Werzalit<br \/>\n<strong>Finished:<\/strong> Studio<\/p>\n<p><strong>Available measures:<\/strong><br \/>\n60\u00d8, 70\u00d8, 80\u00d8<br \/>\n100\u00d760, 110&#215;70, 120\u00d780<\/p>\n","protected":false},"featured_media":6197,"template":"","meta":[],"product_brand":[],"product_cat":[485],"product_tag":[978,682,506,683],"class_list":{"0":"post-7785","1":"product","2":"type-product","3":"status-publish","4":"has-post-thumbnail","6":"product_cat-werzalit-en","7":"product_tag-outlet","8":"product_tag-sm-france-tabletop","9":"product_tag-studio-finished","10":"product_tag-werzalit-tabletop","12":"first","13":"instock","14":"shipping-taxable","15":"product-type-simple"},"aioseo_notices":[],"_links":{"self":[{"href":"https:\/\/reyma-mobiliario.com\/en\/wp-json\/wp\/v2\/product\/7785","targetHints":{"allow":["GET"]}}],"collection":[{"href":"https:\/\/reyma-mobiliario.com\/en\/wp-json\/wp\/v2\/product"}],"about":[{"href":"https:\/\/reyma-mobiliario.com\/en\/wp-json\/wp\/v2\/types\/product"}],"wp:featuredmedia":[{"embeddable":true,"href":"https:\/\/reyma-mobiliario.com\/en\/wp-json\/wp\/v2\/media\/6197"}],"wp:attachment":[{"href":"https:\/\/reyma-mobiliario.com\/en\/wp-json\/wp\/v2\/media?parent=7785"}],"wp:term":[{"taxonomy":"product_brand","embeddable":true,"href":"https:\/\/reyma-mobiliario.com\/en\/wp-json\/wp\/v2\/product_brand?post=7785"},{"taxonomy":"product_cat","embeddable":true,"href":"https:\/\/reyma-mobiliario.com\/en\/wp-json\/wp\/v2\/product_cat?post=7785"},{"taxonomy":"product_tag","embeddable":true,"href":"https:\/\/reyma-mobiliario.com\/en\/wp-json\/wp\/v2\/product_tag?post=7785"}],"curies":[{"name":"wp","href":"https:\/\/api.w.org\/{rel}","templated":true}]}}