{"id":7786,"date":"2013-05-26T15:56:00","date_gmt":"2017-05-26T13:56:00","guid":{"rendered":"https:\/\/gifted-nightingale.82-223-11-116.plesk.page\/producto\/finished-duo-vulcano\/"},"modified":"2023-05-04T12:45:06","modified_gmt":"2023-05-04T10:45:06","slug":"finished-duo-vulcano","status":"publish","type":"product","link":"https:\/\/reyma-mobiliario.com\/en\/productos\/finished-duo-vulcano\/","title":{"rendered":"Finished STUDIO: Vulcano"},"content":{"rendered":"","protected":false},"excerpt":{"rendered":"<p><strong>Producer:<\/strong> Werzalit<br \/>\n<strong>Finished:<\/strong> Studio<\/p>\n<p><strong>Available measures:<\/strong><br \/>\n60\u00d8, 70\u00d8, 80\u00d8<br \/>\n100&#215;60, 110&#215;70, 120&#215;80<\/p>\n","protected":false},"featured_media":6198,"template":"","meta":[],"product_brand":[],"product_cat":[485],"product_tag":[978,506,683],"class_list":{"0":"post-7786","1":"product","2":"type-product","3":"status-publish","4":"has-post-thumbnail","6":"product_cat-werzalit-en","7":"product_tag-outlet","8":"product_tag-studio-finished","9":"product_tag-werzalit-tabletop","11":"first","12":"instock","13":"shipping-taxable","14":"product-type-simple"},"aioseo_notices":[],"_links":{"self":[{"href":"https:\/\/reyma-mobiliario.com\/en\/wp-json\/wp\/v2\/product\/7786","targetHints":{"allow":["GET"]}}],"collection":[{"href":"https:\/\/reyma-mobiliario.com\/en\/wp-json\/wp\/v2\/product"}],"about":[{"href":"https:\/\/reyma-mobiliario.com\/en\/wp-json\/wp\/v2\/types\/product"}],"wp:featuredmedia":[{"embeddable":true,"href":"https:\/\/reyma-mobiliario.com\/en\/wp-json\/wp\/v2\/media\/6198"}],"wp:attachment":[{"href":"https:\/\/reyma-mobiliario.com\/en\/wp-json\/wp\/v2\/media?parent=7786"}],"wp:term":[{"taxonomy":"product_brand","embeddable":true,"href":"https:\/\/reyma-mobiliario.com\/en\/wp-json\/wp\/v2\/product_brand?post=7786"},{"taxonomy":"product_cat","embeddable":true,"href":"https:\/\/reyma-mobiliario.com\/en\/wp-json\/wp\/v2\/product_cat?post=7786"},{"taxonomy":"product_tag","embeddable":true,"href":"https:\/\/reyma-mobiliario.com\/en\/wp-json\/wp\/v2\/product_tag?post=7786"}],"curies":[{"name":"wp","href":"https:\/\/api.w.org\/{rel}","templated":true}]}}