{"id":7794,"date":"2020-09-08T10:00:27","date_gmt":"2017-10-02T15:49:27","guid":{"rendered":"https:\/\/gifted-nightingale.82-223-11-116.plesk.page\/producto\/table-greco\/"},"modified":"2023-11-13T12:29:57","modified_gmt":"2023-11-13T11:29:57","slug":"table-greco","status":"publish","type":"product","link":"https:\/\/reyma-mobiliario.com\/en\/productos\/table-greco\/","title":{"rendered":"Table Greco"},"content":{"rendered":"<p>Vintage industrial style table made for indoor use or covered and acclimated terraces. Available to configure round, square or rectangular tabletops of different sizes.<\/p>\n","protected":false},"excerpt":{"rendered":"<p><strong>Height:<\/strong> 75 cm<\/p>\n<p><strong>Materials<\/strong>:<br \/>\nIron or aluminum foundry leg.<\/p>\n<p>Tabletops finished: werzalit, Compact or Melamine*.<br \/>\n*Melamine only for indoor use.<\/p>\n<p><strong>Table top measures:<\/strong><br \/>\n60\u00d8, 70\u00d8, 80\u00d8, 90\u00d8, 105\u00d8, 120\u00d8, 60&#215;60, 70&#215;70, 80&#215;80, 90&#215;90.<\/p>\n","protected":false},"featured_media":9612,"template":"","meta":[],"product_brand":[],"product_cat":[467,468,487,491],"product_tag":[524,471,525,581,472],"class_list":{"0":"post-7794","1":"product","2":"type-product","3":"status-publish","4":"has-post-thumbnail","6":"product_cat-indoor","7":"product_cat-indoor-tables","8":"product_cat-outdoor","9":"product_cat-outdoor-tables","10":"product_tag-aluminum-foundry","11":"product_tag-indoor-furnitures","12":"product_tag-iron-foundry","13":"product_tag-serie-greco-en","14":"product_tag-tables","16":"first","17":"instock","18":"shipping-taxable","19":"purchasable","20":"product-type-variable"},"aioseo_notices":[],"_links":{"self":[{"href":"https:\/\/reyma-mobiliario.com\/en\/wp-json\/wp\/v2\/product\/7794","targetHints":{"allow":["GET"]}}],"collection":[{"href":"https:\/\/reyma-mobiliario.com\/en\/wp-json\/wp\/v2\/product"}],"about":[{"href":"https:\/\/reyma-mobiliario.com\/en\/wp-json\/wp\/v2\/types\/product"}],"wp:featuredmedia":[{"embeddable":true,"href":"https:\/\/reyma-mobiliario.com\/en\/wp-json\/wp\/v2\/media\/9612"}],"wp:attachment":[{"href":"https:\/\/reyma-mobiliario.com\/en\/wp-json\/wp\/v2\/media?parent=7794"}],"wp:term":[{"taxonomy":"product_brand","embeddable":true,"href":"https:\/\/reyma-mobiliario.com\/en\/wp-json\/wp\/v2\/product_brand?post=7794"},{"taxonomy":"product_cat","embeddable":true,"href":"https:\/\/reyma-mobiliario.com\/en\/wp-json\/wp\/v2\/product_cat?post=7794"},{"taxonomy":"product_tag","embeddable":true,"href":"https:\/\/reyma-mobiliario.com\/en\/wp-json\/wp\/v2\/product_tag?post=7794"}],"curies":[{"name":"wp","href":"https:\/\/api.w.org\/{rel}","templated":true}]}}