{"id":9508,"date":"2020-01-05T10:00:25","date_gmt":"2019-03-20T14:44:27","guid":{"rendered":"https:\/\/gifted-nightingale.82-223-11-116.plesk.page\/?post_type=product&#038;p=9508"},"modified":"2023-11-10T12:34:26","modified_gmt":"2023-11-10T11:34:26","slug":"table-opera55","status":"publish","type":"product","link":"https:\/\/reyma-mobiliario.com\/en\/productos\/table-opera55\/","title":{"rendered":"Table Opera55"},"content":{"rendered":"<p>Iron casting table designed for indoor use. It is a robust and resistant table with capacity for large tabletops.<\/p>\n<div><\/div>\n","protected":false},"excerpt":{"rendered":"<p><strong>Height:<\/strong> 75 cm<\/p>\n<p><strong>Materials<\/strong>:<br \/>\nRound iron foundry 55 cm \u00d8 painted black.<\/p>\n<p>Column cast iron lathed<\/p>\n<p>Finished tabletops: Werzalit, Compact or Melamine.<\/p>\n<p><strong>Tabletops measures:<\/strong><br \/>\n\u00d870, \u00d880, \u00d890, \u00d8120<br \/>\n80&#215;80 y 90&#215;90<\/p>\n<div><\/div>\n","protected":false},"featured_media":11134,"template":"","meta":[],"product_brand":[],"product_cat":[467,468],"product_tag":[471,525,928,1803,472],"class_list":{"0":"post-9508","1":"product","2":"type-product","3":"status-publish","4":"has-post-thumbnail","6":"product_cat-indoor","7":"product_cat-indoor-tables","8":"product_tag-indoor-furnitures","9":"product_tag-iron-foundry","10":"product_tag-novedades-2019-en","11":"product_tag-serie-opera-en","12":"product_tag-tables","14":"first","15":"instock","16":"shipping-taxable","17":"product-type-variable"},"aioseo_notices":[],"_links":{"self":[{"href":"https:\/\/reyma-mobiliario.com\/en\/wp-json\/wp\/v2\/product\/9508","targetHints":{"allow":["GET"]}}],"collection":[{"href":"https:\/\/reyma-mobiliario.com\/en\/wp-json\/wp\/v2\/product"}],"about":[{"href":"https:\/\/reyma-mobiliario.com\/en\/wp-json\/wp\/v2\/types\/product"}],"wp:featuredmedia":[{"embeddable":true,"href":"https:\/\/reyma-mobiliario.com\/en\/wp-json\/wp\/v2\/media\/11134"}],"wp:attachment":[{"href":"https:\/\/reyma-mobiliario.com\/en\/wp-json\/wp\/v2\/media?parent=9508"}],"wp:term":[{"taxonomy":"product_brand","embeddable":true,"href":"https:\/\/reyma-mobiliario.com\/en\/wp-json\/wp\/v2\/product_brand?post=9508"},{"taxonomy":"product_cat","embeddable":true,"href":"https:\/\/reyma-mobiliario.com\/en\/wp-json\/wp\/v2\/product_cat?post=9508"},{"taxonomy":"product_tag","embeddable":true,"href":"https:\/\/reyma-mobiliario.com\/en\/wp-json\/wp\/v2\/product_tag?post=9508"}],"curies":[{"name":"wp","href":"https:\/\/api.w.org\/{rel}","templated":true}]}}