{"id":12954,"date":"2020-03-25T17:11:31","date_gmt":"2020-03-25T16:11:31","guid":{"rendered":"https:\/\/gifted-nightingale.82-223-11-116.plesk.page\/?page_id=12954"},"modified":"2026-03-23T14:26:51","modified_gmt":"2026-03-23T13:26:51","slug":"a-propos-de-reyma-mobillier-por-lhotellerie","status":"publish","type":"page","link":"https:\/\/reyma-mobiliario.com\/fr\/a-propos-de-reyma-mobillier-por-lhotellerie\/","title":{"rendered":"\u00c0 propos de Reyma mobillier por l&rsquo;h\u00f4tellerie"},"content":{"rendered":"<div class=\"wpb-content-wrapper\">[vc_row][vc_column][vc_empty_space height=\u00a0\u00bb15px\u00a0\u00bb][\/vc_column][\/vc_row][vc_row css=\u00a0\u00bb.vc_custom_1741884883432{background-color: #E59E80 !important;}\u00a0\u00bb][vc_column][vc_empty_space height=\u00a0\u00bb50px\u00a0\u00bb][vc_column_text disable_pattern=\u00a0\u00bbfalse\u00a0\u00bb align=\u00a0\u00bbcenter\u00a0\u00bb css=\u00a0\u00bb.vc_custom_1683552218405{margin-bottom: 0px !important;padding-top: 10px !important;}\u00a0\u00bb]\n<h1 style=\"color: #ffffff; text-align: center;\">Sp\u00e9cialistes du mobilier d&rsquo;hospitalit\u00e9<\/h1>\n[\/vc_column_text][vc_empty_space height=\u00a0\u00bb50px\u00a0\u00bb][\/vc_column][\/vc_row][vc_row][vc_column][vc_empty_space height=\u00a0\u00bb30px\u00a0\u00bb][\/vc_column][\/vc_row][vc_row][vc_column width=\u00a0\u00bb1\/4&Prime;][vc_single_image image=\u00a0\u00bb35471&Prime; img_size=\u00a0\u00bbfull\u00a0\u00bb alignment=\u00a0\u00bbcenter\u00a0\u00bb onclick=\u00a0\u00bbcustom_link\u00a0\u00bb css=\u00a0\u00bb\u00a0\u00bb link=\u00a0\u00bbhttps:\/\/reyma-mobiliario.com\/catalogos-y-tarifas\/\u00a0\u00bb][vc_empty_space height=\u00a0\u00bb5px\u00a0\u00bb][vc_single_image image=\u00a0\u00bb26367&Prime; img_size=\u00a0\u00bbfull\u00a0\u00bb alignment=\u00a0\u00bbcenter\u00a0\u00bb onclick=\u00a0\u00bbcustom_link\u00a0\u00bb link=\u00a0\u00bbhttps:\/\/reyma-mobiliario.com\/mobiliario-contract-calidad-aidimme\/\u00a0\u00bb][vc_empty_space height=\u00a0\u00bb5px\u00a0\u00bb][vc_single_image image=\u00a0\u00bb9314&Prime; img_size=\u00a0\u00bbfull\u00a0\u00bb alignment=\u00a0\u00bbcenter\u00a0\u00bb onclick=\u00a0\u00bbcustom_link\u00a0\u00bb link=\u00a0\u00bbhttps:\/\/reyma-mobiliario.com\/mobiliario-contract-calidad-aidimme\/\u00a0\u00bb][vc_empty_space height=\u00a0\u00bb5px\u00a0\u00bb][vc_single_image image=\u00a0\u00bb34985&Prime; img_size=\u00a0\u00bbfull\u00a0\u00bb alignment=\u00a0\u00bbcenter\u00a0\u00bb onclick=\u00a0\u00bbcustom_link\u00a0\u00bb css=\u00a0\u00bb\u00a0\u00bb link=\u00a0\u00bbhttps:\/\/reyma-mobiliario.com\/actualidad\/\u00a0\u00bb][vc_empty_space height=\u00a0\u00bb5px\u00a0\u00bb][\/vc_column][vc_column width=\u00a0\u00bb3\/4&Prime;][vc_column_text disable_pattern=\u00a0\u00bbfalse\u00a0\u00bb css=\u00a0\u00bb.vc_custom_1773136717376{margin-bottom: 0px !important;}\u00a0\u00bb]\n<h2 class=\"subtitulo\">Depuis 1986, Reyma Mobiliario est le <strong data-start=\"348\" data-end=\"375\">partenaire de confiance<\/strong> en mobilier contract pour le secteur de l\u2019h\u00f4tellerie.<\/h2>\n[\/vc_column_text][vc_column_text css=\u00a0\u00bb.vc_custom_1773136731640{margin-bottom: 0px !important;}\u00a0\u00bb]\n<p data-start=\"1335\" data-end=\"1593\">Sp\u00e9cialis\u00e9s dans la fourniture de solutions premium pour h\u00f4tels, franchises, restaurants, caf\u00e9s et commerces de d\u00e9tail, nous avons \u00e9volu\u00e9 avec le secteur pour offrir le meilleur en design contemporain, fonctionnalit\u00e9 optimale et durabilit\u00e9.<\/p>\n<p data-start=\"1595\" data-end=\"1902\">Fond\u00e9e par Antonio Remart\u00ednez Bartolom\u00e9, l\u2019entreprise s\u2019est distingu\u00e9e d\u00e8s ses d\u00e9buts par un <strong data-start=\"1688\" data-end=\"1733\">engagement ind\u00e9fectible envers la qualit\u00e9<\/strong> : contr\u00f4les rigoureux, service rapide et fiable gr\u00e2ce \u00e0 notre propre flotte de camions et partenaires logistiques pour une livraison imm\u00e9diate qui fait la diff\u00e9rence.<\/p>\n<p data-start=\"1904\" data-end=\"2031\">Aujourd\u2019hui, cette rapidit\u00e9 et cette excellence restent notre <strong data-start=\"1966\" data-end=\"1986\">signe distinctif<\/strong> et une source de fiert\u00e9 pour notre \u00e9quipe.<\/p>\n[\/vc_column_text][mk_fullwidth_slideshow bg_position=\u00a0\u00bbcenter center\u00a0\u00bb images=\u00a0\u00bb34163,34556,8469&Prime; animation_speed=\u00a0\u00bb800&Prime; slideshow_speed=\u00a0\u00bb3286&Prime;][vc_column_text disable_pattern=\u00a0\u00bbfalse\u00a0\u00bb css=\u00a0\u00bb.vc_custom_1773136749972{margin-bottom: 0px !important;}\u00a0\u00bb]\n<p data-start=\"3017\" data-end=\"3260\">En 2004, nous avons lanc\u00e9 notre <strong data-start=\"3049\" data-end=\"3077\">expansion internationale<\/strong> et aujourd\u2019hui nous exportons tous nos produits Reyma via des distributeurs exclusifs en Europe et en Am\u00e9rique, \u00e9quipant des h\u00f4tels et restaurants de r\u00e9f\u00e9rence dans plusieurs pays.<\/p>\n<p data-start=\"3262\" data-end=\"3645\">Nous travaillons exclusivement avec des <strong data-start=\"3302\" data-end=\"3345\">distributeurs et grossistes sp\u00e9cialis\u00e9s<\/strong> du secteur Contract, via un r\u00e9seau solide de <strong data-start=\"3391\" data-end=\"3439\">partenaires officiels et bureaux commerciaux<\/strong> en Espagne et \u00e0 l\u2019\u00e9tranger. Cette structure nous permet de nous concentrer sur le canal professionnel, offrant <strong data-start=\"3551\" data-end=\"3642\">conditions exclusives, support technique sp\u00e9cialis\u00e9 et acc\u00e8s prioritaire aux nouveaut\u00e9s<\/strong>.<\/p>\n<p data-start=\"3647\" data-end=\"3911\">Nos produits ont \u00e9t\u00e9 s\u00e9lectionn\u00e9s par Aidimme pour des projets de recherche portant sur des param\u00e8tres cl\u00e9s tels que la <strong data-start=\"3767\" data-end=\"3813\">qualit\u00e9, durabilit\u00e9, stabilit\u00e9 et s\u00e9curit\u00e9<\/strong> du mobilier destin\u00e9 au public, ce qui renforce notre standard d\u2019<strong data-start=\"3878\" data-end=\"3908\">excellence professionnelle<\/strong>.<\/p>\n<p data-start=\"3913\" data-end=\"4394\">Nos installations \u00e0 Alcal\u00e1 de Henares (Madrid), de plus de <strong data-start=\"3972\" data-end=\"3985\">20 000 m\u00b2<\/strong>, renouvellent constamment le stock, garantissant que le catalogue actuel est toujours disponible en grande quantit\u00e9 pour offrir le meilleur service de livraison \u00e0 nos clients. Organis\u00e9s par cat\u00e9gories et mat\u00e9riaux \u2014bois, m\u00e9tal, aluminium, tapisserie, rotin et bien plus\u2014 nous garantissons des conditions optimales de conservation, minimisons les d\u00e9lais et permettons \u00e0 votre projet de d\u00e9marrer sans retard.<\/p>\n<p data-start=\"4396\" data-end=\"4582\">Chez Reyma Mobiliario, nous combinons <strong data-start=\"4434\" data-end=\"4481\">tradition, innovation et service impeccable<\/strong> pour faire ressortir votre espace. Pr\u00eat \u00e0 \u00e9quiper le v\u00f4tre avec le meilleur du mobilier Contract ?<\/p>\n[\/vc_column_text][vc_empty_space][\/vc_column][\/vc_row]\n<\/div>","protected":false},"excerpt":{"rendered":"<p>[vc_row][vc_column][vc_empty_space height=\u00a0\u00bb15px\u00a0\u00bb][\/vc_column][\/vc_row][vc_row css=\u00a0\u00bb.vc_custom_1741884883432{background-color: #E59E80 !important;}\u00a0\u00bb][vc_column][vc_empty_space height=\u00a0\u00bb50px\u00a0\u00bb][vc_column_text disable_pattern=\u00a0\u00bbfalse\u00a0\u00bb align=\u00a0\u00bbcenter\u00a0\u00bb css=\u00a0\u00bb.vc_custom_1683552218405{margin-bottom: 0px !important;padding-top: 10px !important;}\u00a0\u00bb] Sp\u00e9cialistes du mobilier d&rsquo;hospitalit\u00e9 [\/vc_column_text][vc_empty_space height=\u00a0\u00bb50px\u00a0\u00bb][\/vc_column][\/vc_row][vc_row][vc_column][vc_empty_space height=\u00a0\u00bb30px\u00a0\u00bb][\/vc_column][\/vc_row][vc_row][vc_column width=\u00a0\u00bb1\/4&Prime;][vc_single_image image=\u00a0\u00bb35471&Prime; img_size=\u00a0\u00bbfull\u00a0\u00bb alignment=\u00a0\u00bbcenter\u00a0\u00bb onclick=\u00a0\u00bbcustom_link\u00a0\u00bb css=\u00a0\u00bb\u00a0\u00bb link=\u00a0\u00bbhttps:\/\/reyma-mobiliario.com\/catalogos-y-tarifas\/\u00a0\u00bb][vc_empty_space height=\u00a0\u00bb5px\u00a0\u00bb][vc_single_image image=\u00a0\u00bb26367&Prime; img_size=\u00a0\u00bbfull\u00a0\u00bb alignment=\u00a0\u00bbcenter\u00a0\u00bb onclick=\u00a0\u00bbcustom_link\u00a0\u00bb link=\u00a0\u00bbhttps:\/\/reyma-mobiliario.com\/mobiliario-contract-calidad-aidimme\/\u00a0\u00bb][vc_empty_space height=\u00a0\u00bb5px\u00a0\u00bb][vc_single_image image=\u00a0\u00bb9314&Prime; img_size=\u00a0\u00bbfull\u00a0\u00bb alignment=\u00a0\u00bbcenter\u00a0\u00bb onclick=\u00a0\u00bbcustom_link\u00a0\u00bb link=\u00a0\u00bbhttps:\/\/reyma-mobiliario.com\/mobiliario-contract-calidad-aidimme\/\u00a0\u00bb][vc_empty_space height=\u00a0\u00bb5px\u00a0\u00bb][vc_single_image image=\u00a0\u00bb34985&Prime; img_size=\u00a0\u00bbfull\u00a0\u00bb alignment=\u00a0\u00bbcenter\u00a0\u00bb onclick=\u00a0\u00bbcustom_link\u00a0\u00bb css=\u00a0\u00bb\u00a0\u00bb link=\u00a0\u00bbhttps:\/\/reyma-mobiliario.com\/actualidad\/\u00a0\u00bb][vc_empty_space height=\u00a0\u00bb5px\u00a0\u00bb][\/vc_column][vc_column width=\u00a0\u00bb3\/4&Prime;][vc_column_text disable_pattern=\u00a0\u00bbfalse\u00a0\u00bb css=\u00a0\u00bb.vc_custom_1773136717376{margin-bottom: 0px !important;}\u00a0\u00bb] Depuis 1986, Reyma [&hellip;]<\/p>\n","protected":false},"author":1,"featured_media":0,"parent":0,"menu_order":0,"comment_status":"closed","ping_status":"closed","template":"","meta":{"footnotes":""},"class_list":["post-12954","page","type-page","status-publish","hentry"],"aioseo_notices":[],"_links":{"self":[{"href":"https:\/\/reyma-mobiliario.com\/fr\/wp-json\/wp\/v2\/pages\/12954","targetHints":{"allow":["GET"]}}],"collection":[{"href":"https:\/\/reyma-mobiliario.com\/fr\/wp-json\/wp\/v2\/pages"}],"about":[{"href":"https:\/\/reyma-mobiliario.com\/fr\/wp-json\/wp\/v2\/types\/page"}],"author":[{"embeddable":true,"href":"https:\/\/reyma-mobiliario.com\/fr\/wp-json\/wp\/v2\/users\/1"}],"replies":[{"embeddable":true,"href":"https:\/\/reyma-mobiliario.com\/fr\/wp-json\/wp\/v2\/comments?post=12954"}],"version-history":[{"count":29,"href":"https:\/\/reyma-mobiliario.com\/fr\/wp-json\/wp\/v2\/pages\/12954\/revisions"}],"predecessor-version":[{"id":35629,"href":"https:\/\/reyma-mobiliario.com\/fr\/wp-json\/wp\/v2\/pages\/12954\/revisions\/35629"}],"wp:attachment":[{"href":"https:\/\/reyma-mobiliario.com\/fr\/wp-json\/wp\/v2\/media?parent=12954"}],"curies":[{"name":"wp","href":"https:\/\/api.w.org\/{rel}","templated":true}]}}