{"id":13006,"date":"2020-03-26T17:22:16","date_gmt":"2020-03-26T16:22:16","guid":{"rendered":"https:\/\/gifted-nightingale.82-223-11-116.plesk.page\/?page_id=13006"},"modified":"2026-03-11T09:58:31","modified_gmt":"2026-03-11T08:58:31","slug":"installations-aux-mobilier-dhotellerie","status":"publish","type":"page","link":"https:\/\/reyma-mobiliario.com\/fr\/installations-aux-mobilier-dhotellerie\/","title":{"rendered":"Installations aux Mobilier d&rsquo;H\u00f4tellerie"},"content":{"rendered":"<div class=\"wpb-content-wrapper\">[vc_row][vc_column][vc_empty_space height=\u00a0\u00bb30px\u00a0\u00bb][mk_fancy_title color=\u00a0\u00bb#333333&Prime; size=\u00a0\u00bb16&Prime; font_weight=\u00a0\u00bb400&Prime; font_style=\u00a0\u00bbnormal\u00a0\u00bb txt_transform=\u00a0\u00bbnone\u00a0\u00bb margin_bottom=\u00a0\u00bb0&Prime; font_family=\u00a0\u00bbHelveticaNeue-Light, Helvetica Neue Light, Helvetica Neue, Helvetica, Arial, \u00ab\u00a0Lucida Grande\u00ab\u00a0, sans-serif\u00a0\u00bb font_type=\u00a0\u00bbsafefont\u00a0\u00bb]Exemples d&rsquo;installations r\u00e9alis\u00e9es par nos clients avec des meubles pour l&rsquo;h\u00f4tellerie <strong>REYMA<\/strong>.[\/mk_fancy_title][vc_column_text css=\u00a0\u00bb.vc_custom_1585239761428{margin-bottom: 0px !important;}\u00a0\u00bb]Ici, vous pouvez voir diff\u00e9rentes combinaisons de styles et de mod\u00e8les de nos tables, chaises, tabourets et fauteuils pour l&rsquo;int\u00e9rieur ou l&rsquo;ext\u00e9rieur&#8230;.. Il peut \u00e9galement \u00eatre utilis\u00e9 si vous cherchez de l&rsquo;inspiration pour d\u00e9corer votre restaurant, terrasse, caf\u00e9, gastrobar, ou tout type d&rsquo;installation pour l&rsquo;hospitalit\u00e9 &#8230;. nous sommes l\u00e0 pour vous donner des id\u00e9es![\/vc_column_text][mk_gallery images=\u00a0\u00bb29871,35303,29868,20640,35300,20634,20671,20628,20637,22117,29543,27534&Prime; column=\u00a0\u00bb3&Prime; height=\u00a0\u00bb209&Prime; item_spacing=\u00a0\u00bb8&Prime; margin_bottom=\u00a0\u00bb20&Prime; orderby=\u00a0\u00bbpost__in\u00a0\u00bb][mk_gallery images=\u00a0\u00bb35296,35293,13026,10155,10157,6625&Prime; column=\u00a0\u00bb3&Prime; height=\u00a0\u00bb209&Prime; item_spacing=\u00a0\u00bb8&Prime; margin_bottom=\u00a0\u00bb20&Prime; orderby=\u00a0\u00bbpost__in\u00a0\u00bb][vc_empty_space height=\u00a0\u00bb30px\u00a0\u00bb][\/vc_column][\/vc_row][vc_row][vc_column][vc_column_text]\n<div><\/div>\n[\/vc_column_text][\/vc_column][\/vc_row][vc_row][vc_column][vc_column_text]\n<div><\/div>\n[\/vc_column_text][\/vc_column][\/vc_row][vc_row][vc_column][vc_column_text]\n<div><\/div>\n[\/vc_column_text][\/vc_column][\/vc_row][vc_row][vc_column][vc_column_text]\n<div><\/div>\n[\/vc_column_text][\/vc_column][\/vc_row]\n<\/div>","protected":false},"excerpt":{"rendered":"<p>[vc_row][vc_column][vc_empty_space height=\u00a0\u00bb30px\u00a0\u00bb][mk_fancy_title color=\u00a0\u00bb#333333&Prime; size=\u00a0\u00bb16&Prime; font_weight=\u00a0\u00bb400&Prime; font_style=\u00a0\u00bbnormal\u00a0\u00bb txt_transform=\u00a0\u00bbnone\u00a0\u00bb margin_bottom=\u00a0\u00bb0&Prime; font_family=\u00a0\u00bbHelveticaNeue-Light, Helvetica Neue Light, Helvetica Neue, Helvetica, Arial, \u00ab\u00a0Lucida Grande\u00ab\u00a0, sans-serif\u00a0\u00bb font_type=\u00a0\u00bbsafefont\u00a0\u00bb]Exemples d&rsquo;installations r\u00e9alis\u00e9es par nos clients avec des meubles pour l&rsquo;h\u00f4tellerie REYMA.[\/mk_fancy_title][vc_column_text css=\u00a0\u00bb.vc_custom_1585239761428{margin-bottom: 0px !important;}\u00a0\u00bb]Ici, vous pouvez voir diff\u00e9rentes combinaisons de styles et de mod\u00e8les de nos tables, chaises, tabourets et fauteuils pour l&rsquo;int\u00e9rieur ou l&rsquo;ext\u00e9rieur&#8230;.. [&hellip;]<\/p>\n","protected":false},"author":1,"featured_media":13054,"parent":0,"menu_order":0,"comment_status":"closed","ping_status":"closed","template":"","meta":{"footnotes":""},"class_list":["post-13006","page","type-page","status-publish","has-post-thumbnail","hentry"],"aioseo_notices":[],"_links":{"self":[{"href":"https:\/\/reyma-mobiliario.com\/fr\/wp-json\/wp\/v2\/pages\/13006","targetHints":{"allow":["GET"]}}],"collection":[{"href":"https:\/\/reyma-mobiliario.com\/fr\/wp-json\/wp\/v2\/pages"}],"about":[{"href":"https:\/\/reyma-mobiliario.com\/fr\/wp-json\/wp\/v2\/types\/page"}],"author":[{"embeddable":true,"href":"https:\/\/reyma-mobiliario.com\/fr\/wp-json\/wp\/v2\/users\/1"}],"replies":[{"embeddable":true,"href":"https:\/\/reyma-mobiliario.com\/fr\/wp-json\/wp\/v2\/comments?post=13006"}],"version-history":[{"count":21,"href":"https:\/\/reyma-mobiliario.com\/fr\/wp-json\/wp\/v2\/pages\/13006\/revisions"}],"predecessor-version":[{"id":35308,"href":"https:\/\/reyma-mobiliario.com\/fr\/wp-json\/wp\/v2\/pages\/13006\/revisions\/35308"}],"wp:featuredmedia":[{"embeddable":true,"href":"https:\/\/reyma-mobiliario.com\/fr\/wp-json\/wp\/v2\/media\/13054"}],"wp:attachment":[{"href":"https:\/\/reyma-mobiliario.com\/fr\/wp-json\/wp\/v2\/media?parent=13006"}],"curies":[{"name":"wp","href":"https:\/\/api.w.org\/{rel}","templated":true}]}}