{"id":19798,"date":"2017-09-13T21:30:36","date_gmt":"2017-09-13T19:30:36","guid":{"rendered":"https:\/\/gifted-nightingale.82-223-11-116.plesk.page\/catalogos-y-tarifas\/"},"modified":"2026-03-23T14:28:47","modified_gmt":"2026-03-23T13:28:47","slug":"catalogues-et-tarifs","status":"publish","type":"page","link":"https:\/\/reyma-mobiliario.com\/fr\/catalogues-et-tarifs\/","title":{"rendered":"Catalogues et tarifs"},"content":{"rendered":"<div class=\"wpb-content-wrapper\">[vc_row][vc_column][vc_single_image image=\u00a0\u00bb35478&Prime; img_size=\u00a0\u00bbfull\u00a0\u00bb alignment=\u00a0\u00bbcenter\u00a0\u00bb css_animation=\u00a0\u00bbfadeIn\u00a0\u00bb css=\u00a0\u00bb\u00a0\u00bb][\/vc_column][\/vc_row][vc_row][vc_column][vc_column_text disable_pattern=\u00a0\u00bbfalse\u00a0\u00bb align=\u00a0\u00bbcenter\u00a0\u00bb css=\u00a0\u00bb.vc_custom_1618054957271{margin-bottom: 0px !important;}\u00a0\u00bb]<span style=\"font-size: 26px;\">Depuis cette page, vous pouvez t\u00e9l\u00e9charger les derniers catalogues et tarifs de nos meubles d&rsquo;accueil int\u00e9rieurs et ext\u00e9rieurs.<\/span>[\/vc_column_text][vc_empty_space height=\u00a0\u00bb20px\u00a0\u00bb][\/vc_column][\/vc_row][vc_row][vc_column width=\u00a0\u00bb1\/3&Prime;][mk_fancy_title tag_name=\u00a0\u00bbh3&Prime; size=\u00a0\u00bb30&Prime; font_weight=\u00a0\u00bbbold\u00a0\u00bb margin_top=\u00a0\u00bb20&Prime; margin_bottom=\u00a0\u00bb0&Prime; font_family=\u00a0\u00bbnone\u00a0\u00bb]CATALOGUE[\/mk_fancy_title][vc_separator][vc_single_image image=\u00a0\u00bb35448&Prime; img_size=\u00a0\u00bbfull\u00a0\u00bb style=\u00a0\u00bbvc_box_shadow\u00a0\u00bb css=\u00a0\u00bb\u00a0\u00bb][vc_column_text margin_bottom=\u00a0\u00bb0&Prime; css=\u00a0\u00bb.vc_custom_1774272469369{margin-bottom: 0px !important;}\u00a0\u00bb]<div class='w3eden'><!-- WPDM Link Template: Default Template -->\n\n<div class=\"link-template-default card mb-2\">\n    <div class=\"card-body\">\n        <div class=\"media\">\n            <div class=\"mr-3 img-48\"><img decoding=\"async\" class=\"wpdm_icon\" alt=\"Ic\u00f4ne\" src=\"https:\/\/reyma-mobiliario.com\/wp-content\/plugins\/download-manager\/assets\/file-type-icons\/pdf.svg\" \/><\/div>\n            <div class=\"media-body\">\n                <h3 class=\"package-title\"><a href='https:\/\/reyma-mobiliario.com\/download\/reyma-catalogo-2025-mobiliario-hosteleria\/'>Reyma Cat\u00e1logo 2026 mobiliario hosteler\u00eda<\/a><\/h3>\n                <div class=\"text-muted text-small\"><i class=\"fas fa-copy\"><\/i> 1 fichier\u00b7s <i class=\"fas fa-hdd ml-3\"><\/i> 78 MB<\/div>\n            <\/div>\n            <div class=\"ml-3\">\n                <a class='wpdm-download-link download-on-click btn btn-success ' rel='nofollow' href='#' data-downloadurl=\"https:\/\/reyma-mobiliario.com\/download\/reyma-catalogo-2025-mobiliario-hosteleria\/?wpdmdl=35453&refresh=69e972113862c1776906769\">T\u00e9l\u00e9charger<\/a>\n            <\/div>\n        <\/div>\n    <\/div>\n<\/div>\n\n<\/div>[\/vc_column_text][\/vc_column][vc_column width=\u00a0\u00bb1\/3&Prime;][mk_fancy_title tag_name=\u00a0\u00bbh3&Prime; size=\u00a0\u00bb30&Prime; font_weight=\u00a0\u00bbbold\u00a0\u00bb margin_top=\u00a0\u00bb20&Prime; margin_bottom=\u00a0\u00bb0&Prime; font_family=\u00a0\u00bbnone\u00a0\u00bb]TARIFS[\/mk_fancy_title][vc_separator][vc_single_image image=\u00a0\u00bb35439&Prime; img_size=\u00a0\u00bbfull\u00a0\u00bb style=\u00a0\u00bbvc_box_shadow\u00a0\u00bb css=\u00a0\u00bb\u00a0\u00bb][vc_column_text margin_bottom=\u00a0\u00bb0&Prime; css=\u00a0\u00bb.vc_custom_1774272478508{margin-bottom: 0px !important;}\u00a0\u00bb]<div class='w3eden'><\/div>[\/vc_column_text][\/vc_column][vc_column width=\u00a0\u00bb1\/3&Prime;][vc_empty_space height=\u00a0\u00bb80px\u00a0\u00bb][vc_column_text disable_pattern=\u00a0\u00bbfalse\u00a0\u00bb css=\u00a0\u00bb.vc_custom_1618055679437{margin-bottom: 0px !important;}\u00a0\u00bb]<span style=\"font-size: 18px;\">*Les tarifs ne sont disponibles que pour les clients. Pour les t\u00e9l\u00e9charger <a href=\"https:\/\/reyma-mobiliario.com\/iniciar-sesion\/\" target=\"_blank\" rel=\"noopener\"><u><br \/>\nconnectez-vous ici<\/u><\/a> si vous \u00eates d\u00e9j\u00e0, ou\u00a0<a href=\"https:\/\/reyma-mobiliario.com\/solicitar-acceso\/\" target=\"_blank\" rel=\"noopener\"><u>demandez votre mot de passe<\/u><\/a><\/span>[\/vc_column_text][\/vc_column][\/vc_row]\n<\/div>","protected":false},"excerpt":{"rendered":"<p>[vc_row][vc_column][vc_single_image image=\u00a0\u00bb35478&Prime; img_size=\u00a0\u00bbfull\u00a0\u00bb alignment=\u00a0\u00bbcenter\u00a0\u00bb css_animation=\u00a0\u00bbfadeIn\u00a0\u00bb css=\u00a0\u00bb\u00a0\u00bb][\/vc_column][\/vc_row][vc_row][vc_column][vc_column_text disable_pattern=\u00a0\u00bbfalse\u00a0\u00bb align=\u00a0\u00bbcenter\u00a0\u00bb css=\u00a0\u00bb.vc_custom_1618054957271{margin-bottom: 0px !important;}\u00a0\u00bb]Depuis cette page, vous pouvez t\u00e9l\u00e9charger les derniers catalogues et tarifs de nos meubles d&rsquo;accueil int\u00e9rieurs et ext\u00e9rieurs.[\/vc_column_text][vc_empty_space height=\u00a0\u00bb20px\u00a0\u00bb][\/vc_column][\/vc_row][vc_row][vc_column width=\u00a0\u00bb1\/3&Prime;][mk_fancy_title tag_name=\u00a0\u00bbh3&Prime; size=\u00a0\u00bb30&Prime; font_weight=\u00a0\u00bbbold\u00a0\u00bb margin_top=\u00a0\u00bb20&Prime; margin_bottom=\u00a0\u00bb0&Prime; font_family=\u00a0\u00bbnone\u00a0\u00bb]CATALOGUE[\/mk_fancy_title][vc_separator][vc_single_image image=\u00a0\u00bb35448&Prime; img_size=\u00a0\u00bbfull\u00a0\u00bb style=\u00a0\u00bbvc_box_shadow\u00a0\u00bb css=\u00a0\u00bb\u00a0\u00bb][vc_column_text margin_bottom=\u00a0\u00bb0&Prime; css=\u00a0\u00bb.vc_custom_1774272469369{margin-bottom: 0px !important;}\u00a0\u00bb][\/vc_column_text][\/vc_column][vc_column width=\u00a0\u00bb1\/3&Prime;][mk_fancy_title tag_name=\u00a0\u00bbh3&Prime; size=\u00a0\u00bb30&Prime; font_weight=\u00a0\u00bbbold\u00a0\u00bb margin_top=\u00a0\u00bb20&Prime; margin_bottom=\u00a0\u00bb0&Prime; font_family=\u00a0\u00bbnone\u00a0\u00bb]TARIFS[\/mk_fancy_title][vc_separator][vc_single_image image=\u00a0\u00bb35439&Prime; img_size=\u00a0\u00bbfull\u00a0\u00bb style=\u00a0\u00bbvc_box_shadow\u00a0\u00bb css=\u00a0\u00bb\u00a0\u00bb][vc_column_text [&hellip;]<\/p>\n","protected":false},"author":1,"featured_media":0,"parent":0,"menu_order":0,"comment_status":"closed","ping_status":"closed","template":"","meta":{"footnotes":""},"class_list":["post-19798","page","type-page","status-publish","hentry"],"aioseo_notices":[],"_links":{"self":[{"href":"https:\/\/reyma-mobiliario.com\/fr\/wp-json\/wp\/v2\/pages\/19798","targetHints":{"allow":["GET"]}}],"collection":[{"href":"https:\/\/reyma-mobiliario.com\/fr\/wp-json\/wp\/v2\/pages"}],"about":[{"href":"https:\/\/reyma-mobiliario.com\/fr\/wp-json\/wp\/v2\/types\/page"}],"author":[{"embeddable":true,"href":"https:\/\/reyma-mobiliario.com\/fr\/wp-json\/wp\/v2\/users\/1"}],"replies":[{"embeddable":true,"href":"https:\/\/reyma-mobiliario.com\/fr\/wp-json\/wp\/v2\/comments?post=19798"}],"version-history":[{"count":33,"href":"https:\/\/reyma-mobiliario.com\/fr\/wp-json\/wp\/v2\/pages\/19798\/revisions"}],"predecessor-version":[{"id":35633,"href":"https:\/\/reyma-mobiliario.com\/fr\/wp-json\/wp\/v2\/pages\/19798\/revisions\/35633"}],"wp:attachment":[{"href":"https:\/\/reyma-mobiliario.com\/fr\/wp-json\/wp\/v2\/media?parent=19798"}],"curies":[{"name":"wp","href":"https:\/\/api.w.org\/{rel}","templated":true}]}}