{"id":24527,"date":"2022-11-28T11:24:53","date_gmt":"2022-11-28T10:24:53","guid":{"rendered":"https:\/\/reyma-mobiliario.com\/inspiration-contract-furniture\/"},"modified":"2026-02-09T11:19:25","modified_gmt":"2026-02-09T10:19:25","slug":"inspiration-mobilier-daccueil","status":"publish","type":"page","link":"https:\/\/reyma-mobiliario.com\/fr\/inspiration-mobilier-daccueil\/","title":{"rendered":"inspiration pour le mobilier d&rsquo;accueil"},"content":{"rendered":"<div class=\"wpb-content-wrapper\">[vc_row][vc_column][vc_single_image image=\u00a0\u00bb34962&Prime; img_size=\u00a0\u00bbfull\u00a0\u00bb alignment=\u00a0\u00bbcenter\u00a0\u00bb css_animation=\u00a0\u00bbfadeIn\u00a0\u00bb css=\u00a0\u00bb\u00a0\u00bb][mk_fancy_title tag_name=\u00a0\u00bbh1&Prime; size=\u00a0\u00bb28&Prime; font_family=\u00a0\u00bbnone\u00a0\u00bb align=\u00a0\u00bbcenter\u00a0\u00bb]Inspiration pour le mobilier d&rsquo;accueil[\/mk_fancy_title][vc_column_text align=\u00a0\u00bbcenter\u00a0\u00bb css=\u00a0\u00bb.vc_custom_1670836758921{margin-top: -10px !important;margin-bottom: 0px !important;}\u00a0\u00bb]<span style=\"font-size: 18px;\">Laissez-vous inspirer par ces suggestions, assemblages et combinaisons de nos meubles avec des <strong>environnements vari\u00e9s pour h\u00f4tels, restaurants, bars, gastrobars, caf\u00e9s, am\u00e9nagements ext\u00e9rieurs&#8230;<\/strong> Une s\u00e9lection d&rsquo;environnements et de meubles des plus divers, pour g\u00e9n\u00e9rer des id\u00e9es et laisser libre cours \u00e0 votre imagination. Et pour ne pas en manquer une, suivez-nous sur notre <span style=\"font-size: 18px;\"><a href=\"https:\/\/www.linkedin.com\/company\/reymamobiliario\/\" target=\"_blank\" rel=\"noopener\"><u><span style=\"color: #0000ff;\">profil LinkedIN<\/span><\/u><\/a><span style=\"color: #0000ff;\">.<\/span><\/span><\/span>[\/vc_column_text][vc_separator color=\u00a0\u00bbcustom\u00a0\u00bb css_animation=\u00a0\u00bbfadeInDown\u00a0\u00bb accent_color=\u00a0\u00bb#f56d01&Prime;][mk_gallery images=\u00a0\u00bb34868,34871,34874,34877,34880,34883,34886,34889,34949,34892,34895,34901&Prime; height=\u00a0\u00bb300&Prime; item_spacing=\u00a0\u00bb12&Prime; orderby=\u00a0\u00bbpost__in\u00a0\u00bb][\/vc_column][\/vc_row][vc_row][vc_column][vc_column_text][\/vc_column_text][\/vc_column][\/vc_row]\n<\/div>","protected":false},"excerpt":{"rendered":"<p>[vc_row][vc_column][vc_single_image image=\u00a0\u00bb34962&Prime; img_size=\u00a0\u00bbfull\u00a0\u00bb alignment=\u00a0\u00bbcenter\u00a0\u00bb css_animation=\u00a0\u00bbfadeIn\u00a0\u00bb css=\u00a0\u00bb\u00a0\u00bb][mk_fancy_title tag_name=\u00a0\u00bbh1&Prime; size=\u00a0\u00bb28&Prime; font_family=\u00a0\u00bbnone\u00a0\u00bb align=\u00a0\u00bbcenter\u00a0\u00bb]Inspiration pour le mobilier d&rsquo;accueil[\/mk_fancy_title][vc_column_text align=\u00a0\u00bbcenter\u00a0\u00bb css=\u00a0\u00bb.vc_custom_1670836758921{margin-top: -10px !important;margin-bottom: 0px !important;}\u00a0\u00bb]Laissez-vous inspirer par ces suggestions, assemblages et combinaisons de nos meubles avec des environnements vari\u00e9s pour h\u00f4tels, restaurants, bars, gastrobars, caf\u00e9s, am\u00e9nagements ext\u00e9rieurs&#8230; Une s\u00e9lection d&rsquo;environnements et de meubles des plus divers, pour g\u00e9n\u00e9rer des id\u00e9es [&hellip;]<\/p>\n","protected":false},"author":1,"featured_media":34868,"parent":0,"menu_order":0,"comment_status":"closed","ping_status":"closed","template":"","meta":{"footnotes":""},"class_list":["post-24527","page","type-page","status-publish","has-post-thumbnail","hentry"],"aioseo_notices":[],"_links":{"self":[{"href":"https:\/\/reyma-mobiliario.com\/fr\/wp-json\/wp\/v2\/pages\/24527","targetHints":{"allow":["GET"]}}],"collection":[{"href":"https:\/\/reyma-mobiliario.com\/fr\/wp-json\/wp\/v2\/pages"}],"about":[{"href":"https:\/\/reyma-mobiliario.com\/fr\/wp-json\/wp\/v2\/types\/page"}],"author":[{"embeddable":true,"href":"https:\/\/reyma-mobiliario.com\/fr\/wp-json\/wp\/v2\/users\/1"}],"replies":[{"embeddable":true,"href":"https:\/\/reyma-mobiliario.com\/fr\/wp-json\/wp\/v2\/comments?post=24527"}],"version-history":[{"count":13,"href":"https:\/\/reyma-mobiliario.com\/fr\/wp-json\/wp\/v2\/pages\/24527\/revisions"}],"predecessor-version":[{"id":34965,"href":"https:\/\/reyma-mobiliario.com\/fr\/wp-json\/wp\/v2\/pages\/24527\/revisions\/34965"}],"wp:featuredmedia":[{"embeddable":true,"href":"https:\/\/reyma-mobiliario.com\/fr\/wp-json\/wp\/v2\/media\/34868"}],"wp:attachment":[{"href":"https:\/\/reyma-mobiliario.com\/fr\/wp-json\/wp\/v2\/media?parent=24527"}],"curies":[{"name":"wp","href":"https:\/\/api.w.org\/{rel}","templated":true}]}}