{"id":27497,"date":"2023-05-19T12:29:08","date_gmt":"2023-05-19T10:29:08","guid":{"rendered":"https:\/\/reyma-mobiliario.com\/acabados\/"},"modified":"2023-08-16T14:43:24","modified_gmt":"2023-08-16T12:43:24","slug":"finitions","status":"publish","type":"page","link":"https:\/\/reyma-mobiliario.com\/fr\/finitions\/","title":{"rendered":"Finitions"},"content":{"rendered":"<div class=\"wpb-content-wrapper\">[vc_row][vc_column][vc_text_separator title=\u00a0\u00bbFinitions Catalogue\u00a0\u00bb color=\u00a0\u00bborange\u00a0\u00bb style=\u00a0\u00bbdotted\u00a0\u00bb border_width=\u00a0\u00bb2&Prime;][vc_column_text align=\u00a0\u00bbcenter\u00a0\u00bb css=\u00a0\u00bb.vc_custom_1692185966736{margin-bottom: 0px !important;}\u00a0\u00bb]Exemples de finitions en tapisserie, textil\u00e8ne et peinture disponibles. Chez Reyma, en tant que sp\u00e9cialiste du mobilier d&rsquo;accueil, nous proposons une grande vari\u00e9t\u00e9 de finitions afin que vous trouviez toujours l&rsquo;option parfaite pour votre installation. Laissez-vous inspirer par les options de chaque cat\u00e9gorie:[\/vc_column_text][\/vc_column][\/vc_row][vc_row animation=\u00a0\u00bbfade-in\u00a0\u00bb][vc_column width=\u00a0\u00bb1\/5&Prime;][vc_single_image image=\u00a0\u00bb26789&Prime; img_size=\u00a0\u00bbfull\u00a0\u00bb alignment=\u00a0\u00bbcenter\u00a0\u00bb onclick=\u00a0\u00bbcustom_link\u00a0\u00bb link=\u00a0\u00bbhttps:\/\/reyma-mobiliario.com\/categoria-producto\/acabados\/tapizados\/\u00a0\u00bb css=\u00a0\u00bb.vc_custom_1684493757651{margin-bottom: 5px !important;}\u00a0\u00bb][mk_fancy_title color=\u00a0\u00bb#f56d01&Prime; font_weight=\u00a0\u00bbbold\u00a0\u00bb txt_transform=\u00a0\u00bbuppercase\u00a0\u00bb font_family=\u00a0\u00bbnone\u00a0\u00bb align=\u00a0\u00bbcenter\u00a0\u00bb]Tapiss\u00e9[\/mk_fancy_title][\/vc_column][vc_column width=\u00a0\u00bb1\/5&Prime;][vc_single_image image=\u00a0\u00bb26792&Prime; img_size=\u00a0\u00bbfull\u00a0\u00bb alignment=\u00a0\u00bbcenter\u00a0\u00bb onclick=\u00a0\u00bbcustom_link\u00a0\u00bb link=\u00a0\u00bbhttps:\/\/reyma-mobiliario.com\/categoria-producto\/acabados\/medulas\/\u00a0\u00bb css=\u00a0\u00bb.vc_custom_1684495327631{margin-bottom: 5px !important;}\u00a0\u00bb][mk_fancy_title color=\u00a0\u00bb#f56d01&Prime; font_weight=\u00a0\u00bbbold\u00a0\u00bb txt_transform=\u00a0\u00bbuppercase\u00a0\u00bb font_family=\u00a0\u00bbnone\u00a0\u00bb align=\u00a0\u00bbcenter\u00a0\u00bb]Osier[\/mk_fancy_title][\/vc_column][vc_column width=\u00a0\u00bb1\/5&Prime;][vc_single_image image=\u00a0\u00bb26754&Prime; img_size=\u00a0\u00bbfull\u00a0\u00bb alignment=\u00a0\u00bbcenter\u00a0\u00bb onclick=\u00a0\u00bbcustom_link\u00a0\u00bb link=\u00a0\u00bbhttps:\/\/reyma-mobiliario.com\/categoria-producto\/acabados\/textilene\/\u00a0\u00bb css=\u00a0\u00bb.vc_custom_1684495283314{margin-bottom: 5px !important;}\u00a0\u00bb][mk_fancy_title color=\u00a0\u00bb#f56d01&Prime; font_weight=\u00a0\u00bbbold\u00a0\u00bb txt_transform=\u00a0\u00bbuppercase\u00a0\u00bb font_family=\u00a0\u00bbnone\u00a0\u00bb align=\u00a0\u00bbcenter\u00a0\u00bb]Textilene[\/mk_fancy_title][\/vc_column][vc_column width=\u00a0\u00bb1\/5&Prime;][vc_single_image image=\u00a0\u00bb26761&Prime; img_size=\u00a0\u00bbfull\u00a0\u00bb alignment=\u00a0\u00bbcenter\u00a0\u00bb onclick=\u00a0\u00bbcustom_link\u00a0\u00bb link=\u00a0\u00bbhttps:\/\/reyma-mobiliario.com\/categoria-producto\/acabados\/pinturas\/\u00a0\u00bb css=\u00a0\u00bb.vc_custom_1684495269238{margin-bottom: 5px !important;}\u00a0\u00bb][mk_fancy_title color=\u00a0\u00bb#f56d01&Prime; font_weight=\u00a0\u00bbbold\u00a0\u00bb txt_transform=\u00a0\u00bbuppercase\u00a0\u00bb font_family=\u00a0\u00bbnone\u00a0\u00bb align=\u00a0\u00bbcenter\u00a0\u00bb]Peintures[\/mk_fancy_title][\/vc_column][vc_column width=\u00a0\u00bb1\/5&Prime;][vc_single_image image=\u00a0\u00bb26758&Prime; img_size=\u00a0\u00bbfull\u00a0\u00bb alignment=\u00a0\u00bbcenter\u00a0\u00bb onclick=\u00a0\u00bbcustom_link\u00a0\u00bb link=\u00a0\u00bbhttps:\/\/reyma-mobiliario.com\/categoria-producto\/acabados\/cuerda\/\u00a0\u00bb css=\u00a0\u00bb.vc_custom_1684495420826{margin-bottom: 5px !important;}\u00a0\u00bb][mk_fancy_title color=\u00a0\u00bb#f56d01&Prime; font_weight=\u00a0\u00bbbold\u00a0\u00bb txt_transform=\u00a0\u00bbuppercase\u00a0\u00bb font_family=\u00a0\u00bbnone\u00a0\u00bb align=\u00a0\u00bbcenter\u00a0\u00bb]Corde Rope[\/mk_fancy_title][\/vc_column][\/vc_row][vc_row][vc_column][vc_separator color=\u00a0\u00bborange\u00a0\u00bb border_width=\u00a0\u00bb2&Prime; css_animation=\u00a0\u00bbfadeInDown\u00a0\u00bb][\/vc_column][\/vc_row][vc_row column_padding=\u00a0\u00bb2&Prime; css=\u00a0\u00bb.vc_custom_1688573098367{padding-right: 90px !important;padding-left: 90px !important;}\u00a0\u00bb][vc_column][mk_products layout=\u00a0\u00bbopen\u00a0\u00bb columns=\u00a0\u00bb4&Prime; image_size=\u00a0\u00bbfull\u00a0\u00bb pagination=\u00a0\u00bbfalse\u00a0\u00bb animation=\u00a0\u00bbfade-in\u00a0\u00bb category=\u00a0\u00bbacabados\u00a0\u00bb posts=\u00a0\u00bb26527, 26568, 26304, 26575, 26457, 26530, 26647, 26663, 26471, 26294, 26666, 26669&Prime;][\/vc_column][\/vc_row][vc_row column_padding=\u00a0\u00bb5&Prime;][vc_column][vc_empty_space height=\u00a0\u00bb20px\u00a0\u00bb][vc_separator color=\u00a0\u00bborange\u00a0\u00bb border_width=\u00a0\u00bb2&Prime; css_animation=\u00a0\u00bbfadeInDown\u00a0\u00bb][mk_button dimension=\u00a0\u00bbflat\u00a0\u00bb size=\u00a0\u00bbmedium\u00a0\u00bb icon=\u00a0\u00bbmk-moon-book\u00a0\u00bb icon_anim=\u00a0\u00bbside\u00a0\u00bb url=\u00a0\u00bbhttps:\/\/reyma-mobiliario.com\/categoria-producto\/acabados\/\u00a0\u00bb align=\u00a0\u00bbcenter\u00a0\u00bb visibility=\u00a0\u00bbvisible-sm\u00a0\u00bb]VOIR TOTES LES FINITIONS[\/mk_button][\/vc_column][\/vc_row]\n<\/div>","protected":false},"excerpt":{"rendered":"<p>[vc_row][vc_column][vc_text_separator title=\u00a0\u00bbFinitions Catalogue\u00a0\u00bb color=\u00a0\u00bborange\u00a0\u00bb style=\u00a0\u00bbdotted\u00a0\u00bb border_width=\u00a0\u00bb2&Prime;][vc_column_text align=\u00a0\u00bbcenter\u00a0\u00bb css=\u00a0\u00bb.vc_custom_1692185966736{margin-bottom: 0px !important;}\u00a0\u00bb]Exemples de finitions en tapisserie, textil\u00e8ne et peinture disponibles. Chez Reyma, en tant que sp\u00e9cialiste du mobilier d&rsquo;accueil, nous proposons une grande vari\u00e9t\u00e9 de finitions afin que vous trouviez toujours l&rsquo;option parfaite pour votre installation. Laissez-vous inspirer par les options de chaque cat\u00e9gorie:[\/vc_column_text][\/vc_column][\/vc_row][vc_row animation=\u00a0\u00bbfade-in\u00a0\u00bb][vc_column width=\u00a0\u00bb1\/5&Prime;][vc_single_image image=\u00a0\u00bb26789&Prime; [&hellip;]<\/p>\n","protected":false},"author":1,"featured_media":26794,"parent":0,"menu_order":0,"comment_status":"closed","ping_status":"closed","template":"","meta":{"footnotes":""},"class_list":["post-27497","page","type-page","status-publish","has-post-thumbnail","hentry"],"aioseo_notices":[],"_links":{"self":[{"href":"https:\/\/reyma-mobiliario.com\/fr\/wp-json\/wp\/v2\/pages\/27497","targetHints":{"allow":["GET"]}}],"collection":[{"href":"https:\/\/reyma-mobiliario.com\/fr\/wp-json\/wp\/v2\/pages"}],"about":[{"href":"https:\/\/reyma-mobiliario.com\/fr\/wp-json\/wp\/v2\/types\/page"}],"author":[{"embeddable":true,"href":"https:\/\/reyma-mobiliario.com\/fr\/wp-json\/wp\/v2\/users\/1"}],"replies":[{"embeddable":true,"href":"https:\/\/reyma-mobiliario.com\/fr\/wp-json\/wp\/v2\/comments?post=27497"}],"version-history":[{"count":8,"href":"https:\/\/reyma-mobiliario.com\/fr\/wp-json\/wp\/v2\/pages\/27497\/revisions"}],"predecessor-version":[{"id":27505,"href":"https:\/\/reyma-mobiliario.com\/fr\/wp-json\/wp\/v2\/pages\/27497\/revisions\/27505"}],"wp:featuredmedia":[{"embeddable":true,"href":"https:\/\/reyma-mobiliario.com\/fr\/wp-json\/wp\/v2\/media\/26794"}],"wp:attachment":[{"href":"https:\/\/reyma-mobiliario.com\/fr\/wp-json\/wp\/v2\/media?parent=27497"}],"curies":[{"name":"wp","href":"https:\/\/api.w.org\/{rel}","templated":true}]}}