{"id":11788,"date":"2020-12-06T10:00:17","date_gmt":"2020-12-06T09:00:17","guid":{"rendered":"https:\/\/gifted-nightingale.82-223-11-116.plesk.page\/?post_type=product&#038;p=11788"},"modified":"2026-02-27T07:41:25","modified_gmt":"2026-02-27T06:41:25","slug":"finition-studio-vintage-gris","status":"publish","type":"product","link":"https:\/\/reyma-mobiliario.com\/fr\/productos\/finition-studio-vintage-gris\/","title":{"rendered":"Finition STUDIO: Vintage Gris"},"content":{"rendered":"","protected":false},"excerpt":{"rendered":"<p><strong>Fabricant: <\/strong> Werzalit<br \/>\n<strong> Finition: <\/strong> Solo<\/p>\n<p><strong> <span class=\"tlid-translation translation\" lang=\"fr\" tabindex=\"-1\"><span class=\"\" title=\"\">Tailles disponibles<\/span><\/span>: <\/strong><br \/>\n60\u00d8, 70\u00d8, 90\u00d8<br \/>\n60\u00d760, 70&#215;70, 80\u00d780<\/p>\n","protected":false},"featured_media":21980,"template":"","meta":[],"product_brand":[],"product_cat":[1133,1137],"product_tag":[1357],"class_list":{"0":"post-11788","1":"product","2":"type-product","3":"status-publish","4":"has-post-thumbnail","6":"product_cat-plateaux","7":"product_cat-werzalit-fr","8":"product_tag-plateaux-werzalit","10":"first","11":"instock","12":"shipping-taxable","13":"product-type-simple"},"aioseo_notices":[],"_links":{"self":[{"href":"https:\/\/reyma-mobiliario.com\/fr\/wp-json\/wp\/v2\/product\/11788","targetHints":{"allow":["GET"]}}],"collection":[{"href":"https:\/\/reyma-mobiliario.com\/fr\/wp-json\/wp\/v2\/product"}],"about":[{"href":"https:\/\/reyma-mobiliario.com\/fr\/wp-json\/wp\/v2\/types\/product"}],"wp:featuredmedia":[{"embeddable":true,"href":"https:\/\/reyma-mobiliario.com\/fr\/wp-json\/wp\/v2\/media\/21980"}],"wp:attachment":[{"href":"https:\/\/reyma-mobiliario.com\/fr\/wp-json\/wp\/v2\/media?parent=11788"}],"wp:term":[{"taxonomy":"product_brand","embeddable":true,"href":"https:\/\/reyma-mobiliario.com\/fr\/wp-json\/wp\/v2\/product_brand?post=11788"},{"taxonomy":"product_cat","embeddable":true,"href":"https:\/\/reyma-mobiliario.com\/fr\/wp-json\/wp\/v2\/product_cat?post=11788"},{"taxonomy":"product_tag","embeddable":true,"href":"https:\/\/reyma-mobiliario.com\/fr\/wp-json\/wp\/v2\/product_tag?post=11788"}],"curies":[{"name":"wp","href":"https:\/\/api.w.org\/{rel}","templated":true}]}}