{"id":11816,"date":"2017-09-22T18:47:17","date_gmt":"2020-03-05T16:11:11","guid":{"rendered":"https:\/\/gifted-nightingale.82-223-11-116.plesk.page\/?post_type=product&#038;p=11816"},"modified":"2022-02-08T16:37:01","modified_gmt":"2022-02-08T15:37:01","slug":"finition-solo-bambou","status":"publish","type":"product","link":"https:\/\/reyma-mobiliario.com\/fr\/productos\/finition-solo-bambou\/","title":{"rendered":"Finition SOLO: Bambou"},"content":{"rendered":"","protected":false},"excerpt":{"rendered":"<p><strong>Fabricant:<\/strong> Werzalit<br \/>\n<strong>Finition:<\/strong>\u00a0Solo<\/p>\n<p><strong>Tailles disponibles:<\/strong><br \/>\n60\u00d8, 70\u00d8, 80\u00d8<br \/>\n60\u00d760, 70\u00d770, 80\u00d780, 90\u00d790<br \/>\n110\u00d770, 120\u00d780<\/p>\n","protected":false},"featured_media":11817,"template":"","meta":[],"product_brand":[],"product_cat":[1133,1137],"product_tag":[1140,1357],"class_list":{"0":"post-11816","1":"product","2":"type-product","3":"status-publish","4":"has-post-thumbnail","6":"product_cat-plateaux","7":"product_cat-werzalit-fr","8":"product_tag-finition-solo","9":"product_tag-plateaux-werzalit","11":"first","12":"instock","13":"shipping-taxable","14":"product-type-simple"},"aioseo_notices":[],"_links":{"self":[{"href":"https:\/\/reyma-mobiliario.com\/fr\/wp-json\/wp\/v2\/product\/11816","targetHints":{"allow":["GET"]}}],"collection":[{"href":"https:\/\/reyma-mobiliario.com\/fr\/wp-json\/wp\/v2\/product"}],"about":[{"href":"https:\/\/reyma-mobiliario.com\/fr\/wp-json\/wp\/v2\/types\/product"}],"wp:featuredmedia":[{"embeddable":true,"href":"https:\/\/reyma-mobiliario.com\/fr\/wp-json\/wp\/v2\/media\/11817"}],"wp:attachment":[{"href":"https:\/\/reyma-mobiliario.com\/fr\/wp-json\/wp\/v2\/media?parent=11816"}],"wp:term":[{"taxonomy":"product_brand","embeddable":true,"href":"https:\/\/reyma-mobiliario.com\/fr\/wp-json\/wp\/v2\/product_brand?post=11816"},{"taxonomy":"product_cat","embeddable":true,"href":"https:\/\/reyma-mobiliario.com\/fr\/wp-json\/wp\/v2\/product_cat?post=11816"},{"taxonomy":"product_tag","embeddable":true,"href":"https:\/\/reyma-mobiliario.com\/fr\/wp-json\/wp\/v2\/product_tag?post=11816"}],"curies":[{"name":"wp","href":"https:\/\/api.w.org\/{rel}","templated":true}]}}