{"id":11824,"date":"2020-12-10T10:00:25","date_gmt":"2020-03-06T13:34:46","guid":{"rendered":"https:\/\/gifted-nightingale.82-223-11-116.plesk.page\/?post_type=product&#038;p=11824"},"modified":"2022-02-08T13:30:21","modified_gmt":"2022-02-08T12:30:21","slug":"finition-solo-marbre","status":"publish","type":"product","link":"https:\/\/reyma-mobiliario.com\/fr\/productos\/finition-solo-marbre\/","title":{"rendered":"Finition SOLO: Marbre"},"content":{"rendered":"","protected":false},"excerpt":{"rendered":"<p><strong>Fabricant:<\/strong> Werzalit<\/p>\n<p><strong>Finition:<\/strong>\u00a0Solo<\/p>\n<p><strong>Tailles disponibles:<\/strong><br \/>\n\u00d860, \u00d870, \u00d880, \u00d8120<br \/>\n60\u00d760, 70\u00d770, 80\u00d780, 90\u00d790<br \/>\n100\u00d760, 110\u00d770, 120\u00d780<\/p>\n<p><strong>Avec cercl\u00e9 laiton:<\/strong> \u00d860 et \u00d870<\/p>\n","protected":false},"featured_media":11825,"template":"","meta":[],"product_brand":[],"product_cat":[1133,1137],"product_tag":[1140,1357],"class_list":{"0":"post-11824","1":"product","2":"type-product","3":"status-publish","4":"has-post-thumbnail","6":"product_cat-plateaux","7":"product_cat-werzalit-fr","8":"product_tag-finition-solo","9":"product_tag-plateaux-werzalit","11":"first","12":"instock","13":"shipping-taxable","14":"product-type-simple"},"aioseo_notices":[],"_links":{"self":[{"href":"https:\/\/reyma-mobiliario.com\/fr\/wp-json\/wp\/v2\/product\/11824","targetHints":{"allow":["GET"]}}],"collection":[{"href":"https:\/\/reyma-mobiliario.com\/fr\/wp-json\/wp\/v2\/product"}],"about":[{"href":"https:\/\/reyma-mobiliario.com\/fr\/wp-json\/wp\/v2\/types\/product"}],"wp:featuredmedia":[{"embeddable":true,"href":"https:\/\/reyma-mobiliario.com\/fr\/wp-json\/wp\/v2\/media\/11825"}],"wp:attachment":[{"href":"https:\/\/reyma-mobiliario.com\/fr\/wp-json\/wp\/v2\/media?parent=11824"}],"wp:term":[{"taxonomy":"product_brand","embeddable":true,"href":"https:\/\/reyma-mobiliario.com\/fr\/wp-json\/wp\/v2\/product_brand?post=11824"},{"taxonomy":"product_cat","embeddable":true,"href":"https:\/\/reyma-mobiliario.com\/fr\/wp-json\/wp\/v2\/product_cat?post=11824"},{"taxonomy":"product_tag","embeddable":true,"href":"https:\/\/reyma-mobiliario.com\/fr\/wp-json\/wp\/v2\/product_tag?post=11824"}],"curies":[{"name":"wp","href":"https:\/\/api.w.org\/{rel}","templated":true}]}}