{"id":11836,"date":"2017-09-22T19:13:19","date_gmt":"2020-03-09T08:24:07","guid":{"rendered":"https:\/\/gifted-nightingale.82-223-11-116.plesk.page\/?post_type=product&#038;p=11836"},"modified":"2022-02-08T16:32:33","modified_gmt":"2022-02-08T15:32:33","slug":"finition-solo-vert-lime","status":"publish","type":"product","link":"https:\/\/reyma-mobiliario.com\/fr\/productos\/finition-solo-vert-lime\/","title":{"rendered":"Finition SOLO: Vert Lime"},"content":{"rendered":"","protected":false},"excerpt":{"rendered":"<p><strong>Fabricant:<\/strong> Werzalit<br \/>\n<strong>Finition:<\/strong>\u00a0Solo<\/p>\n<p><strong>Tailles disponibles:<\/strong><br \/>\n60\u00d8, 70\u00d8<br \/>\n60\u00d760, 70\u00d770, 80\u00d780<br \/>\n110\u00d770, 120\u00d780<\/p>\n","protected":false},"featured_media":11837,"template":"","meta":[],"product_brand":[],"product_cat":[1133,1137],"product_tag":[1140,1357],"class_list":{"0":"post-11836","1":"product","2":"type-product","3":"status-publish","4":"has-post-thumbnail","6":"product_cat-plateaux","7":"product_cat-werzalit-fr","8":"product_tag-finition-solo","9":"product_tag-plateaux-werzalit","11":"first","12":"instock","13":"shipping-taxable","14":"product-type-simple"},"aioseo_notices":[],"_links":{"self":[{"href":"https:\/\/reyma-mobiliario.com\/fr\/wp-json\/wp\/v2\/product\/11836","targetHints":{"allow":["GET"]}}],"collection":[{"href":"https:\/\/reyma-mobiliario.com\/fr\/wp-json\/wp\/v2\/product"}],"about":[{"href":"https:\/\/reyma-mobiliario.com\/fr\/wp-json\/wp\/v2\/types\/product"}],"wp:featuredmedia":[{"embeddable":true,"href":"https:\/\/reyma-mobiliario.com\/fr\/wp-json\/wp\/v2\/media\/11837"}],"wp:attachment":[{"href":"https:\/\/reyma-mobiliario.com\/fr\/wp-json\/wp\/v2\/media?parent=11836"}],"wp:term":[{"taxonomy":"product_brand","embeddable":true,"href":"https:\/\/reyma-mobiliario.com\/fr\/wp-json\/wp\/v2\/product_brand?post=11836"},{"taxonomy":"product_cat","embeddable":true,"href":"https:\/\/reyma-mobiliario.com\/fr\/wp-json\/wp\/v2\/product_cat?post=11836"},{"taxonomy":"product_tag","embeddable":true,"href":"https:\/\/reyma-mobiliario.com\/fr\/wp-json\/wp\/v2\/product_tag?post=11836"}],"curies":[{"name":"wp","href":"https:\/\/api.w.org\/{rel}","templated":true}]}}