{"id":11861,"date":"2020-11-11T10:00:33","date_gmt":"2020-03-09T09:01:34","guid":{"rendered":"https:\/\/gifted-nightingale.82-223-11-116.plesk.page\/?post_type=product&#038;p=11861"},"modified":"2021-01-21T12:05:33","modified_gmt":"2021-01-21T11:05:33","slug":"finition-solo-wenge","status":"publish","type":"product","link":"https:\/\/reyma-mobiliario.com\/fr\/productos\/finition-solo-wenge\/","title":{"rendered":"Finition SOLO: Weng\u00e9"},"content":{"rendered":"","protected":false},"excerpt":{"rendered":"<p><strong>Fabricant:<\/strong> Werzalit<br \/>\n<strong>Finition:<\/strong>\u00a0Solo<\/p>\n<p><strong>Tailles disponibles:<\/strong><br \/>\n60\u00d8, 70\u00d8, 80\u00d8,<br \/>\n60\u00d760, 70&#215;70, 80&#215;80, 90&#215;90<br \/>\n100&#215;60, 110&#215;70, 120&#215;80<\/p>\n","protected":false},"featured_media":11862,"template":"","meta":[],"product_brand":[],"product_cat":[1133,1137],"product_tag":[1140,1357],"class_list":{"0":"post-11861","1":"product","2":"type-product","3":"status-publish","4":"has-post-thumbnail","6":"product_cat-plateaux","7":"product_cat-werzalit-fr","8":"product_tag-finition-solo","9":"product_tag-plateaux-werzalit","11":"first","12":"instock","13":"shipping-taxable","14":"product-type-simple"},"aioseo_notices":[],"_links":{"self":[{"href":"https:\/\/reyma-mobiliario.com\/fr\/wp-json\/wp\/v2\/product\/11861","targetHints":{"allow":["GET"]}}],"collection":[{"href":"https:\/\/reyma-mobiliario.com\/fr\/wp-json\/wp\/v2\/product"}],"about":[{"href":"https:\/\/reyma-mobiliario.com\/fr\/wp-json\/wp\/v2\/types\/product"}],"wp:featuredmedia":[{"embeddable":true,"href":"https:\/\/reyma-mobiliario.com\/fr\/wp-json\/wp\/v2\/media\/11862"}],"wp:attachment":[{"href":"https:\/\/reyma-mobiliario.com\/fr\/wp-json\/wp\/v2\/media?parent=11861"}],"wp:term":[{"taxonomy":"product_brand","embeddable":true,"href":"https:\/\/reyma-mobiliario.com\/fr\/wp-json\/wp\/v2\/product_brand?post=11861"},{"taxonomy":"product_cat","embeddable":true,"href":"https:\/\/reyma-mobiliario.com\/fr\/wp-json\/wp\/v2\/product_cat?post=11861"},{"taxonomy":"product_tag","embeddable":true,"href":"https:\/\/reyma-mobiliario.com\/fr\/wp-json\/wp\/v2\/product_tag?post=11861"}],"curies":[{"name":"wp","href":"https:\/\/api.w.org\/{rel}","templated":true}]}}