{"id":11863,"date":"2023-12-21T11:00:22","date_gmt":"2020-03-09T09:04:58","guid":{"rendered":"https:\/\/gifted-nightingale.82-223-11-116.plesk.page\/?post_type=product&#038;p=11863"},"modified":"2023-12-05T13:48:24","modified_gmt":"2023-12-05T12:48:24","slug":"chaise-murano","status":"publish","type":"product","link":"https:\/\/reyma-mobiliario.com\/fr\/productos\/chaise-murano\/","title":{"rendered":"Chaise Murano"},"content":{"rendered":"<p>Chaise rembourr\u00e9e, confortable et sp\u00e9ciale pour une utilisation en int\u00e9rieur. Disponible en plusieurs rev\u00eatements s&rsquo;adapte facilement \u00e0 n&rsquo;importe quel espace int\u00e9rieur.<\/p>\n<div><\/div>\n","protected":false},"excerpt":{"rendered":"<p><strong> Poids: <\/strong> 7,90 kg<\/p>\n<p><strong> Mat\u00e9riaux: <\/strong><br \/>\nAssise et dossier rembourr\u00e9s en une seule pi\u00e8ce: Indiana, Panama, bleu, gris, vert ou moutarde.<br \/>\nPieds en acier peint noir.<\/p>\n<p><strong>Assemblage\u00a0:<\/strong><br \/>\nBesoin d&rsquo;assemblage.<br \/>\nCarter + Pied<\/p>\n<p><strong>Dimensions<\/strong>:<br \/>\n<img loading=\"lazy\" decoding=\"async\" class=\"alignleft size-full wp-image-11924\" src=\"https:\/\/reyma-mobiliario.com\/wp-content\/uploads\/2020\/01\/murano-silla-1.jpg\" alt=\"Dimensions chaise Murano REYMA\" width=\"120\" height=\"120\" \/><\/p>\n<div><\/div>\n","protected":false},"featured_media":11761,"template":"","meta":[],"product_brand":[],"product_cat":[1121,1114],"product_tag":[1347,1360,1169,1174,1277],"class_list":{"0":"post-11863","1":"product","2":"type-product","3":"status-publish","4":"has-post-thumbnail","6":"product_cat-chaises-dinterieur","7":"product_cat-interieur","8":"product_tag-chaises","9":"product_tag-chaises-dinterieur","10":"product_tag-mobilier-interieur","11":"product_tag-nouvelles-2020","12":"product_tag-serie-murano-fr","14":"first","15":"instock","16":"shipping-taxable","17":"purchasable","18":"product-type-variable"},"aioseo_notices":[],"_links":{"self":[{"href":"https:\/\/reyma-mobiliario.com\/fr\/wp-json\/wp\/v2\/product\/11863","targetHints":{"allow":["GET"]}}],"collection":[{"href":"https:\/\/reyma-mobiliario.com\/fr\/wp-json\/wp\/v2\/product"}],"about":[{"href":"https:\/\/reyma-mobiliario.com\/fr\/wp-json\/wp\/v2\/types\/product"}],"wp:featuredmedia":[{"embeddable":true,"href":"https:\/\/reyma-mobiliario.com\/fr\/wp-json\/wp\/v2\/media\/11761"}],"wp:attachment":[{"href":"https:\/\/reyma-mobiliario.com\/fr\/wp-json\/wp\/v2\/media?parent=11863"}],"wp:term":[{"taxonomy":"product_brand","embeddable":true,"href":"https:\/\/reyma-mobiliario.com\/fr\/wp-json\/wp\/v2\/product_brand?post=11863"},{"taxonomy":"product_cat","embeddable":true,"href":"https:\/\/reyma-mobiliario.com\/fr\/wp-json\/wp\/v2\/product_cat?post=11863"},{"taxonomy":"product_tag","embeddable":true,"href":"https:\/\/reyma-mobiliario.com\/fr\/wp-json\/wp\/v2\/product_tag?post=11863"}],"curies":[{"name":"wp","href":"https:\/\/api.w.org\/{rel}","templated":true}]}}