{"id":11889,"date":"2020-01-04T10:00:53","date_gmt":"2020-03-09T09:40:00","guid":{"rendered":"https:\/\/gifted-nightingale.82-223-11-116.plesk.page\/?post_type=product&#038;p=11889"},"modified":"2021-10-13T09:43:47","modified_gmt":"2021-10-13T07:43:47","slug":"chaise-gran-bohemia-nouvelles-couleurs","status":"publish","type":"product","link":"https:\/\/reyma-mobiliario.com\/fr\/productos\/chaise-gran-bohemia-nouvelles-couleurs\/","title":{"rendered":"Chaise Gran Bohemia"},"content":{"rendered":"<p>Chaise \u00e9l\u00e9gante avec dossier haut et rembourr\u00e9e en P.U. avec structure en acier. Id\u00e9al pour les environnements int\u00e9rieurs. Il a plusieurs couleurs dans la tapisserie d&rsquo;ameublement pour l&rsquo;adapter aux besoins du client.<\/p>\n","protected":false},"excerpt":{"rendered":"<p><strong> Poids <\/strong>: 7,70 kg<\/p>\n<p><strong> Mat\u00e9riaux <\/strong>:<br \/>\nP.U rembourr\u00e9: Indiana, Panama, gris, bleu, vert ou moutarde<br \/>\nStructure en acier peint noir.<\/p>\n<p><strong>Dimensiones<\/strong>:<\/p>\n<p><img loading=\"lazy\" decoding=\"async\" class=\"alignleft size-full wp-image-11924\" src=\"https:\/\/reyma-mobiliario.com\/wp-content\/uploads\/2020\/01\/gran-bohemia-silla-1.jpg\" alt=\" Dimensions chaise gran bohemia REYMA\" width=\"120\" height=\"120\" \/><\/p>\n<div><\/div>\n","protected":false},"featured_media":11894,"template":"","meta":[],"product_brand":[],"product_cat":[1121,1114],"product_tag":[1347,1360,1169,1173,1174,1205,1250],"class_list":{"0":"post-11889","1":"product","2":"type-product","3":"status-publish","4":"has-post-thumbnail","6":"product_cat-chaises-dinterieur","7":"product_cat-interieur","8":"product_tag-chaises","9":"product_tag-chaises-dinterieur","10":"product_tag-mobilier-interieur","11":"product_tag-nouvelles-2019","12":"product_tag-nouvelles-2020","13":"product_tag-serie-bohemia-fr","14":"product_tag-serie-gran-bohemia-fr","16":"first","17":"instock","18":"shipping-taxable","19":"purchasable","20":"product-type-variable"},"aioseo_notices":[],"_links":{"self":[{"href":"https:\/\/reyma-mobiliario.com\/fr\/wp-json\/wp\/v2\/product\/11889","targetHints":{"allow":["GET"]}}],"collection":[{"href":"https:\/\/reyma-mobiliario.com\/fr\/wp-json\/wp\/v2\/product"}],"about":[{"href":"https:\/\/reyma-mobiliario.com\/fr\/wp-json\/wp\/v2\/types\/product"}],"wp:featuredmedia":[{"embeddable":true,"href":"https:\/\/reyma-mobiliario.com\/fr\/wp-json\/wp\/v2\/media\/11894"}],"wp:attachment":[{"href":"https:\/\/reyma-mobiliario.com\/fr\/wp-json\/wp\/v2\/media?parent=11889"}],"wp:term":[{"taxonomy":"product_brand","embeddable":true,"href":"https:\/\/reyma-mobiliario.com\/fr\/wp-json\/wp\/v2\/product_brand?post=11889"},{"taxonomy":"product_cat","embeddable":true,"href":"https:\/\/reyma-mobiliario.com\/fr\/wp-json\/wp\/v2\/product_cat?post=11889"},{"taxonomy":"product_tag","embeddable":true,"href":"https:\/\/reyma-mobiliario.com\/fr\/wp-json\/wp\/v2\/product_tag?post=11889"}],"curies":[{"name":"wp","href":"https:\/\/api.w.org\/{rel}","templated":true}]}}