{"id":11951,"date":"2020-10-12T10:00:02","date_gmt":"2020-03-09T10:00:08","guid":{"rendered":"https:\/\/gifted-nightingale.82-223-11-116.plesk.page\/?post_type=product&#038;p=11951"},"modified":"2025-03-18T12:12:45","modified_gmt":"2025-03-18T11:12:45","slug":"fauteuil-fontana","status":"publish","type":"product","link":"https:\/\/reyma-mobiliario.com\/fr\/productos\/fauteuil-fontana\/","title":{"rendered":"Fauteuil Fontana"},"content":{"rendered":"<p>Fauteuil aux lignes douces et adapt\u00e9 pour l&rsquo;int\u00e9rieur et l&rsquo;ext\u00e9rieur. Le dossier et l&rsquo;assise sont en textil\u00e8ne.<\/p>\n","protected":false},"excerpt":{"rendered":"<p><strong> Poids: <\/strong> 3,75 kg.<\/p>\n<p><strong> Mat\u00e9riaux <\/strong>:<br \/>\nStructure en aluminium peint: d\u00e9co bambou ou d\u00e9co etna.<\/p>\n<p>Si\u00e8ge en textil\u00e8ne: Latte ou noir.<\/p>\n<p><strong>Dimensions<\/strong>:<\/p>\n<p><img loading=\"lazy\" decoding=\"async\" class=\"alignnone size-full wp-image-11924\" src=\"https:\/\/reyma-mobiliario.com\/wp-content\/uploads\/2025\/03\/2025-fontana-sillon.jpg\" alt=\"Dimensions fauteuil Fontana REYMA\" width=\"120\" height=\"120\" \/><\/p>\n","protected":false},"featured_media":11954,"template":"","meta":[],"product_brand":[],"product_cat":[1106,1112],"product_tag":[1349,1174,1243],"class_list":{"0":"post-11951","1":"product","2":"type-product","3":"status-publish","4":"has-post-thumbnail","6":"product_cat-exterieur","7":"product_cat-fauteuils-dexterieur","8":"product_tag-fauteuils","9":"product_tag-nouvelles-2020","10":"product_tag-serie-fontana-fr","12":"first","13":"instock","14":"shipping-taxable","15":"purchasable","16":"product-type-variable"},"aioseo_notices":[],"_links":{"self":[{"href":"https:\/\/reyma-mobiliario.com\/fr\/wp-json\/wp\/v2\/product\/11951","targetHints":{"allow":["GET"]}}],"collection":[{"href":"https:\/\/reyma-mobiliario.com\/fr\/wp-json\/wp\/v2\/product"}],"about":[{"href":"https:\/\/reyma-mobiliario.com\/fr\/wp-json\/wp\/v2\/types\/product"}],"wp:featuredmedia":[{"embeddable":true,"href":"https:\/\/reyma-mobiliario.com\/fr\/wp-json\/wp\/v2\/media\/11954"}],"wp:attachment":[{"href":"https:\/\/reyma-mobiliario.com\/fr\/wp-json\/wp\/v2\/media?parent=11951"}],"wp:term":[{"taxonomy":"product_brand","embeddable":true,"href":"https:\/\/reyma-mobiliario.com\/fr\/wp-json\/wp\/v2\/product_brand?post=11951"},{"taxonomy":"product_cat","embeddable":true,"href":"https:\/\/reyma-mobiliario.com\/fr\/wp-json\/wp\/v2\/product_cat?post=11951"},{"taxonomy":"product_tag","embeddable":true,"href":"https:\/\/reyma-mobiliario.com\/fr\/wp-json\/wp\/v2\/product_tag?post=11951"}],"curies":[{"name":"wp","href":"https:\/\/api.w.org\/{rel}","templated":true}]}}