{"id":11955,"date":"2020-03-09T10:00:41","date_gmt":"2020-03-09T09:00:41","guid":{"rendered":"https:\/\/gifted-nightingale.82-223-11-116.plesk.page\/?post_type=product&#038;p=11955"},"modified":"2025-10-20T13:43:45","modified_gmt":"2025-10-20T11:43:45","slug":"table-milano","status":"publish","type":"product","link":"https:\/\/reyma-mobiliario.com\/fr\/productos\/table-milano\/","title":{"rendered":"Table Milano 4870"},"content":{"rendered":"<p>Table pour l&rsquo;hospitalit\u00e9 simple avec un style continu et \u00e9quilibr\u00e9, marqu\u00e9 par des lignes pures. Il est id\u00e9al pour une utilisation en int\u00e9rieur, avec plusieurs possibilit\u00e9s de finition et plusieurs mesures de planche. Une variante plus moderne du design industriel peut \u00eatre m\u00e9lang\u00e9e avec des \u00e9l\u00e9ments r\u00e9tro, vintage ou rustiques.<\/p>\n","protected":false},"excerpt":{"rendered":"<p><strong> Hauteur : <\/strong> 75 cm<\/p>\n<p><strong> Mat\u00e9riaux <\/strong>:<br \/>\nPied en acier peint en noir.<br \/>\nPlateaux finition Werzalit, compacte ou m\u00e9lamine.<\/p>\n<p><strong> Mesures du plateaux <\/strong><br \/>\n60\u00d8, 70\u00d8, 80\u00d8, 60&#215;60, 70&#215;70, 80&#215;80 et 90&#215;90<\/p>\n<div><\/div>\n","protected":false},"featured_media":34679,"template":"","meta":[],"product_brand":[],"product_cat":[1114,1119],"product_tag":[1169,1171,1269,1166],"class_list":{"0":"post-11955","1":"product","2":"type-product","3":"status-publish","4":"has-post-thumbnail","6":"product_cat-interieur","7":"product_cat-tables-dinterieur","8":"product_tag-mobilier-interieur","9":"product_tag-nouvelles-2018","10":"product_tag-serie-milano-fr","11":"product_tag-tables-fr","13":"first","14":"instock","15":"shipping-taxable","16":"purchasable","17":"product-type-variable"},"aioseo_notices":[],"_links":{"self":[{"href":"https:\/\/reyma-mobiliario.com\/fr\/wp-json\/wp\/v2\/product\/11955","targetHints":{"allow":["GET"]}}],"collection":[{"href":"https:\/\/reyma-mobiliario.com\/fr\/wp-json\/wp\/v2\/product"}],"about":[{"href":"https:\/\/reyma-mobiliario.com\/fr\/wp-json\/wp\/v2\/types\/product"}],"wp:featuredmedia":[{"embeddable":true,"href":"https:\/\/reyma-mobiliario.com\/fr\/wp-json\/wp\/v2\/media\/34679"}],"wp:attachment":[{"href":"https:\/\/reyma-mobiliario.com\/fr\/wp-json\/wp\/v2\/media?parent=11955"}],"wp:term":[{"taxonomy":"product_brand","embeddable":true,"href":"https:\/\/reyma-mobiliario.com\/fr\/wp-json\/wp\/v2\/product_brand?post=11955"},{"taxonomy":"product_cat","embeddable":true,"href":"https:\/\/reyma-mobiliario.com\/fr\/wp-json\/wp\/v2\/product_cat?post=11955"},{"taxonomy":"product_tag","embeddable":true,"href":"https:\/\/reyma-mobiliario.com\/fr\/wp-json\/wp\/v2\/product_tag?post=11955"}],"curies":[{"name":"wp","href":"https:\/\/api.w.org\/{rel}","templated":true}]}}